{"id":230,"date":"2020-01-13T11:17:52","date_gmt":"2020-01-13T11:17:52","guid":{"rendered":"https:\/\/demosites.io\/web-agency-gb\/?page_id=5"},"modified":"2023-02-20T15:54:07","modified_gmt":"2023-02-20T15:54:07","slug":"strona-glowna","status":"publish","type":"page","link":"https:\/\/estgroup.pl\/","title":{"rendered":"STRONA G\u0141\u00d3WNA"},"content":{"rendered":"\n<div style=\"height:20px\" aria-hidden=\"true\" class=\"wp-block-spacer\"><\/div>\n\n\n\n<div class=\"wp-block-cover aligncenter is-light\" style=\"min-height:252px;aspect-ratio:unset;\"><span aria-hidden=\"true\" class=\"wp-block-cover__background has-background-dim-0 has-background-dim\"><\/span><img loading=\"lazy\" decoding=\"async\" width=\"1200\" height=\"246\" class=\"wp-block-cover__image-background wp-image-330\" alt=\"\" src=\"http:\/\/estgroup.pl\/wp-content\/uploads\/2021\/02\/full-header-1-e1625321985309.jpg\" style=\"object-position:3% 73%\" data-object-fit=\"cover\" data-object-position=\"3% 73%\" srcset=\"https:\/\/estgroup.pl\/wp-content\/uploads\/2021\/02\/full-header-1-e1625321985309.jpg 1200w, https:\/\/estgroup.pl\/wp-content\/uploads\/2021\/02\/full-header-1-e1625321985309-300x62.jpg 300w, https:\/\/estgroup.pl\/wp-content\/uploads\/2021\/02\/full-header-1-e1625321985309-1024x210.jpg 1024w, https:\/\/estgroup.pl\/wp-content\/uploads\/2021\/02\/full-header-1-e1625321985309-768x157.jpg 768w\" sizes=\"auto, (max-width: 1200px) 100vw, 1200px\" \/><div class=\"wp-block-cover__inner-container is-layout-flow wp-block-cover-is-layout-flow\">\n<p class=\"has-text-align-center has-large-font-size\"><\/p>\n<\/div><\/div>\n\n\n\n<div style=\"height:40px\" aria-hidden=\"true\" class=\"wp-block-spacer\"><\/div>\n\n\n\n<div class=\"wp-block-columns is-layout-flex wp-container-core-columns-is-layout-9d6595d7 wp-block-columns-is-layout-flex\">\n<div class=\"wp-block-column is-layout-flow wp-block-column-is-layout-flow\">\n<div style=\"float: center; background:#ef7c00; width: 201px; height: 150px; margin: 0 0 0 30px;\"><figure class=\"aligncenter size-large is-resized\" style=\" padding: 20px 0px 0 0;\"><a href=\"index.php\/fotowoltaika\"><img loading=\"lazy\" decoding=\"async\" src=\"wp-content\/uploads\/2021\/02\/icon4.png\" alt=\"wy\u0142\u0105cznik PPO\u017b fotowoltaika\" width=\"130\" height=\"110\" align=\"center\"><\/a><\/figure><\/div>\n\n\n\n<div style=\"height:20px\" aria-hidden=\"true\" class=\"wp-block-spacer\"><\/div>\n\n\n\n<h3 class=\"has-text-align-center has-neve-text-color-color has-text-color wp-block-heading\">FOTOWOLTAIKA<\/h3>\n\n\n\n<div style=\"height:20px\" aria-hidden=\"true\" class=\"wp-block-spacer\"><\/div>\n\n\n\n<p class=\"has-text-align-center\">Urz\u0105dzenia dla Fotowoltaiki<br>System FPS1000<\/p>\n<\/div>\n\n\n\n<div class=\"wp-block-column is-layout-flow wp-block-column-is-layout-flow\">\n<div style=\"float: center; background:#ef7c00; width: 201px; height: 150px; margin: 0 0 0 30px;\"><figure class=\"aligncenter size-large is-resized\" style=\" padding: 20px 0px 0 0;\"><a href=\"index.php\/elektryka-i-teletechnika\"><img loading=\"lazy\" decoding=\"async\" src=\"wp-content\/uploads\/2021\/02\/icon1.png\" alt=\"\" width=\"130\" height=\"110\" align=\"center\"><\/a><\/figure><\/div>\n\n\n\n<h3 class=\"has-text-align-center has-neve-text-color-color has-text-color wp-block-heading\">ELEKTRYKA TELETECHNIKA<\/h3>\n\n\n\n<p class=\"has-text-align-center\">Projektowanie i wykonawstwo, sieci strukturalne, \u015bwiat\u0142owody<\/p>\n\n\n\n<div style=\"height:10px\" aria-hidden=\"true\" class=\"wp-block-spacer\"><\/div>\n<\/div>\n\n\n\n<div class=\"wp-block-column is-layout-flow wp-block-column-is-layout-flow\">\n<div style=\"float: center; background:#ef7c00; width: 201px; height: 150px; margin: 0 0 0 30px;\"><figure class=\"aligncenter size-large is-resized\" style=\" padding: 20px 0px 0 0;\"><a href=\"index.php\/elektronika\"><img loading=\"lazy\" decoding=\"async\" src=\"wp-content\/uploads\/2021\/02\/icon2.png\" alt=\"\" width=\"130\" height=\"110\" align=\"center\"><\/a><\/figure><\/div>\n\n\n\n<div style=\"height:20px\" aria-hidden=\"true\" class=\"wp-block-spacer\"><\/div>\n\n\n\n<h3 class=\"has-text-align-center has-neve-text-color-color has-text-color wp-block-heading\">ELEKTRONIKA<\/h3>\n\n\n\n<div style=\"height:20px\" aria-hidden=\"true\" class=\"wp-block-spacer\"><\/div>\n\n\n\n<p class=\"has-text-align-center\">Projekty, uC, PCB, systemy zasilania, sieci LAN i WAN<\/p>\n\n\n\n<div style=\"height:10px\" aria-hidden=\"true\" class=\"wp-block-spacer\"><\/div>\n<\/div>\n\n\n\n<div class=\"wp-block-column is-layout-flow wp-block-column-is-layout-flow\">\n<div style=\"float: center; background:#ef7c00; width: 201px; height: 150px; margin: 0 0 0 30px;\"><figure class=\"aligncenter size-large is-resized\" style=\" padding: 20px 0px 0 0;\"><a href=\"index.php\/estgroup-automatyka\"><img loading=\"lazy\" decoding=\"async\" src=\"wp-content\/uploads\/2021\/02\/icon3.png\" alt=\"\" width=\"130\" height=\"110\" align=\"center\"><\/a><\/figure><\/div>\n\n\n\n<div style=\"height:20px\" aria-hidden=\"true\" class=\"wp-block-spacer\"><\/div>\n\n\n\n<h3 class=\"has-text-align-center has-neve-text-color-color has-text-color wp-block-heading\">AUTOMATYKA<\/h3>\n\n\n\n<div style=\"height:20px\" aria-hidden=\"true\" class=\"wp-block-spacer\"><\/div>\n\n\n\n<p class=\"has-text-align-center\">Systemy sterowania i pomiar\u00f3w dla przemys\u0142u i budynku<\/p>\n\n\n\n<div style=\"height:10px\" aria-hidden=\"true\" class=\"wp-block-spacer\"><\/div>\n<\/div>\n<\/div>\n\n\n\n<div class=\"wp-block-cover aligncenter\" style=\"min-height:500px;aspect-ratio:unset;\"><span aria-hidden=\"true\" class=\"wp-block-cover__background has-neve-link-color-background-color has-background-dim-100 has-background-dim\"><\/span><div class=\"wp-block-cover__inner-container is-layout-flow wp-block-cover-is-layout-flow\">\n<div style=\"height:50px\" aria-hidden=\"true\" class=\"wp-block-spacer\"><\/div>\n\n\n\n<div class=\"wp-block-group\"><div class=\"wp-block-group__inner-container is-layout-flow wp-block-group-is-layout-flow\">\n<div class=\"wp-block-columns are-vertically-aligned-top is-layout-flex wp-container-core-columns-is-layout-9d6595d7 wp-block-columns-is-layout-flex\">\n<div class=\"wp-block-column is-vertically-aligned-top is-layout-flow wp-block-column-is-layout-flow\" style=\"flex-basis:50%\">\n<h2 class=\"has-text-align-left has-neve-text-color-color has-text-color wp-block-heading\">FOTOWOLTAIKA<\/h2>\n\n\n\n<p class=\"has-text-align-left has-neve-text-color-color has-text-color\" style=\"font-size:17px\">Nasz zesp\u00f3\u0142 by\u0142 i jest zaanga\u017cowany w projekty wymagaj\u0105ce wiedzy eksperckiej nie tylko z zasad dzia\u0142ania system\u00f3w fotowoltaiki ale te\u017c wszystkich element\u00f3w wsp\u00f3\u0142pracuj\u0105cych z panelami PV i , co szczeg\u00f3lnie wa\u017cne, energoelektroniki.<\/p>\n\n\n\n<div class=\"wp-block-buttons is-horizontal is-content-justification-left is-layout-flex wp-container-core-buttons-is-layout-7e5fce0a wp-block-buttons-is-layout-flex\">\n<div class=\"wp-block-button is-style-default\"><a class=\"wp-block-button__link wp-element-button\" href=\"https:\/\/estgroup.pl\/index.php\/fotowoltaika\/\" style=\"border-radius:5px\">WI\u0118CEJ&#8230;<\/a><\/div>\n\n\n\n<div class=\"wp-block-button is-style-default\"><a class=\"wp-block-button__link wp-element-button\" href=\"https:\/\/estgroup.pl\/index.php\/zabezpieczenie-pv-fotowoltaiczne-ppoz\/\" style=\"border-radius:5px\">WY\u0141\u0104CZNIK PV PPO\u017b<\/a><\/div>\n<\/div>\n<\/div>\n\n\n\n<div class=\"wp-block-column is-vertically-aligned-top is-layout-flow wp-block-column-is-layout-flow\" style=\"flex-basis:50%\">\n<figure class=\"wp-block-image size-large\"><img loading=\"lazy\" decoding=\"async\" width=\"1024\" height=\"484\" src=\"http:\/\/127.0.0.1\/WordPress\/wordpress\/wp-content\/uploads\/2021\/02\/renewable-road-2108033_1920-1024x484.jpg\" alt=\"Fotowoltaika\" class=\"wp-image-352\" srcset=\"https:\/\/estgroup.pl\/wp-content\/uploads\/2021\/02\/renewable-road-2108033_1920-1024x484.jpg 1024w, https:\/\/estgroup.pl\/wp-content\/uploads\/2021\/02\/renewable-road-2108033_1920-300x142.jpg 300w, https:\/\/estgroup.pl\/wp-content\/uploads\/2021\/02\/renewable-road-2108033_1920-768x363.jpg 768w, https:\/\/estgroup.pl\/wp-content\/uploads\/2021\/02\/renewable-road-2108033_1920-1536x726.jpg 1536w, https:\/\/estgroup.pl\/wp-content\/uploads\/2021\/02\/renewable-road-2108033_1920.jpg 1920w\" sizes=\"auto, (max-width: 1024px) 100vw, 1024px\" \/><\/figure>\n<\/div>\n<\/div>\n<\/div><\/div>\n<\/div><\/div>\n\n\n\n<div style=\"height:40px\" aria-hidden=\"true\" class=\"wp-block-spacer\"><\/div>\n\n\n\n<div class=\"wp-block-cover aligncenter is-light\" style=\"min-height:500px;aspect-ratio:unset;\"><span aria-hidden=\"true\" class=\"wp-block-cover__background has-background-dim-100 has-background-dim\" style=\"background-color:#ef7c00\"><\/span><div class=\"wp-block-cover__inner-container is-layout-flow wp-block-cover-is-layout-flow\">\n<div style=\"height:50px\" aria-hidden=\"true\" class=\"wp-block-spacer\"><\/div>\n\n\n\n<div class=\"wp-block-group\"><div class=\"wp-block-group__inner-container is-layout-flow wp-block-group-is-layout-flow\">\n<div class=\"wp-block-columns are-vertically-aligned-top is-layout-flex wp-container-core-columns-is-layout-9d6595d7 wp-block-columns-is-layout-flex\">\n<div class=\"wp-block-column is-vertically-aligned-top is-layout-flow wp-block-column-is-layout-flow\" style=\"flex-basis:50%\">\n<figure class=\"wp-block-image size-large\"><img loading=\"lazy\" decoding=\"async\" width=\"1024\" height=\"683\" src=\"http:\/\/127.0.0.1\/WordPress\/wordpress\/wp-content\/uploads\/2021\/02\/swiatlowody-cyberspace-2784907_1920-1024x683.jpg\" alt=\"elektryka i teletechnika\" class=\"wp-image-351\" srcset=\"https:\/\/estgroup.pl\/wp-content\/uploads\/2021\/02\/swiatlowody-cyberspace-2784907_1920-1024x683.jpg 1024w, https:\/\/estgroup.pl\/wp-content\/uploads\/2021\/02\/swiatlowody-cyberspace-2784907_1920-300x200.jpg 300w, https:\/\/estgroup.pl\/wp-content\/uploads\/2021\/02\/swiatlowody-cyberspace-2784907_1920-768x512.jpg 768w, https:\/\/estgroup.pl\/wp-content\/uploads\/2021\/02\/swiatlowody-cyberspace-2784907_1920-1536x1024.jpg 1536w, https:\/\/estgroup.pl\/wp-content\/uploads\/2021\/02\/swiatlowody-cyberspace-2784907_1920-930x620.jpg 930w, https:\/\/estgroup.pl\/wp-content\/uploads\/2021\/02\/swiatlowody-cyberspace-2784907_1920.jpg 1920w\" sizes=\"auto, (max-width: 1024px) 100vw, 1024px\" \/><\/figure>\n<\/div>\n\n\n\n<div class=\"wp-block-column is-vertically-aligned-top is-layout-flow wp-block-column-is-layout-flow\" style=\"flex-basis:50%\">\n<h2 class=\"has-text-align-left has-neve-text-color-color has-text-color wp-block-heading\">ELEKTRYKA I TELETECHNIKA<\/h2>\n\n\n\n<p class=\"has-text-align-left has-neve-text-color-color has-text-color\" style=\"font-size:17px\">Wykonujemy i modernizujemy instalacje elektryczne i teletechniczne zar\u00f3wno w obiektach komercyjnych jak i mieszkaniowych.<\/p>\n\n\n\n<div class=\"wp-block-buttons is-horizontal is-content-justification-left is-layout-flex wp-container-core-buttons-is-layout-7e5fce0a wp-block-buttons-is-layout-flex\">\n<div class=\"wp-block-button is-style-primary\"><a class=\"wp-block-button__link has-nv-site-bg-color has-neve-text-color-background-color has-text-color has-background wp-element-button\" href=\"https:\/\/estgroup.pl\/index.php\/elektryka-i-teletechnika\/\" style=\"border-radius:5px\">wi\u0119cej&#8230;<\/a><\/div>\n<\/div>\n<\/div>\n<\/div>\n<\/div><\/div>\n<\/div><\/div>\n\n\n\n<div style=\"height:40px\" aria-hidden=\"true\" class=\"wp-block-spacer\"><\/div>\n\n\n\n<div class=\"wp-block-cover aligncenter\" style=\"min-height:450px;aspect-ratio:unset;\"><span aria-hidden=\"true\" class=\"wp-block-cover__background has-neve-link-color-background-color has-background-dim-100 has-background-dim\"><\/span><div class=\"wp-block-cover__inner-container is-layout-flow wp-block-cover-is-layout-flow\">\n<div style=\"height:50px\" aria-hidden=\"true\" class=\"wp-block-spacer\"><\/div>\n\n\n\n<div class=\"wp-block-group\"><div class=\"wp-block-group__inner-container is-layout-flow wp-block-group-is-layout-flow\">\n<div class=\"wp-block-columns are-vertically-aligned-top is-layout-flex wp-container-core-columns-is-layout-9d6595d7 wp-block-columns-is-layout-flex\">\n<div class=\"wp-block-column is-vertically-aligned-top is-layout-flow wp-block-column-is-layout-flow\" style=\"flex-basis:50%\"><div class=\"wp-block-image is-style-default\">\n<figure class=\"aligncenter size-large is-resized\"><img loading=\"lazy\" decoding=\"async\" src=\"http:\/\/estgroup.pl\/wp-content\/uploads\/2021\/02\/h-bridge-est.jpg\" alt=\"automatyka-szafa-sterowania\" class=\"wp-image-365\" width=\"476\" height=\"356\" srcset=\"https:\/\/estgroup.pl\/wp-content\/uploads\/2021\/02\/h-bridge-est.jpg 800w, https:\/\/estgroup.pl\/wp-content\/uploads\/2021\/02\/h-bridge-est-300x225.jpg 300w, https:\/\/estgroup.pl\/wp-content\/uploads\/2021\/02\/h-bridge-est-768x576.jpg 768w\" sizes=\"auto, (max-width: 476px) 100vw, 476px\" \/><\/figure>\n<\/div><\/div>\n\n\n\n<div class=\"wp-block-column is-vertically-aligned-top is-layout-flow wp-block-column-is-layout-flow\" style=\"flex-basis:50%\">\n<h2 class=\"has-text-align-left has-neve-text-color-color has-text-color wp-block-heading\">ELEKTRONIKA<\/h2>\n\n\n\n<p class=\"has-text-align-left has-neve-text-color-color has-text-color\" style=\"font-size:17px\">Projekt, wykonanie, uruchomienie\u2026 te wszystkie etapy realizujemy w EST GROUP w ramach zleconych projekt\u00f3w zwi\u0105zanych z elektronik\u0105&#8230;.<\/p>\n\n\n\n<div class=\"wp-block-buttons is-horizontal is-content-justification-left is-layout-flex wp-container-core-buttons-is-layout-7e5fce0a wp-block-buttons-is-layout-flex\">\n<div class=\"wp-block-button is-style-default\"><a class=\"wp-block-button__link wp-element-button\" href=\"index.php\/elektronika\/\" style=\"border-radius:5px\">Wi\u0119cej&#8230;<\/a><\/div>\n<\/div>\n<\/div>\n<\/div>\n<\/div><\/div>\n<\/div><\/div>\n\n\n\n<div style=\"height:40px\" aria-hidden=\"true\" class=\"wp-block-spacer\"><\/div>\n\n\n\n<div class=\"wp-block-cover aligncenter\" style=\"min-height:300px;aspect-ratio:unset;\"><span aria-hidden=\"true\" class=\"wp-block-cover__background has-neve-link-color-background-color has-background-dim-100 has-background-dim\"><\/span><div class=\"wp-block-cover__inner-container is-layout-flow wp-block-cover-is-layout-flow\">\n<h2 class=\"has-text-align-center has-neve-text-color-color has-text-color wp-block-heading\">Planujesz nowy projekt? <\/h2>\n\n\n\n<h2 class=\"has-text-align-center has-neve-text-color-color has-text-color wp-block-heading\">Zaplanujmy go razem!<\/h2>\n\n\n\n<div class=\"wp-block-buttons is-horizontal is-content-justification-center is-layout-flex wp-container-core-buttons-is-layout-499968f5 wp-block-buttons-is-layout-flex\">\n<div class=\"wp-block-button is-style-default\"><a class=\"wp-block-button__link wp-element-button\" href=\"index.php\/estgroup-contact-us\/\" style=\"border-radius:5px\">Skontaktuj SI\u0118 z NAMI<\/a><\/div>\n<\/div>\n<\/div><\/div>\n\n\n\n<p><\/p>\n","protected":false},"excerpt":{"rendered":"<p>FOTOWOLTAIKA Urz\u0105dzenia dla FotowoltaikiSystem FPS1000 ELEKTRYKA TELETECHNIKA Projektowanie i wykonawstwo, sieci strukturalne, \u015bwiat\u0142owody ELEKTRONIKA Projekty, uC, PCB, systemy zasilania, sieci LAN i WAN AUTOMATYKA Systemy sterowania i pomiar\u00f3w dla przemys\u0142u i budynku<\/p>\n","protected":false},"author":1,"featured_media":0,"parent":0,"menu_order":0,"comment_status":"closed","ping_status":"closed","template":"","meta":{"neve_meta_sidebar":"default","neve_meta_container":"default","neve_meta_enable_content_width":"on","neve_meta_content_width":100,"neve_meta_title_alignment":"","neve_meta_author_avatar":"","neve_post_elements_order":"","neve_meta_disable_header":"","neve_meta_disable_footer":"","neve_meta_disable_title":"on","_ti_tpc_template_sync":false,"_ti_tpc_template_id":"cwhkd9lki581rusuhjti","footnotes":""},"class_list":["post-230","page","type-page","status-publish","hentry"],"yoast_head":"<!-- This site is optimized with the Yoast SEO plugin v27.5 - https:\/\/yoast.com\/product\/yoast-seo-wordpress\/ -->\n<title>STRONA G\u0141\u00d3WNA - EST GROUP Sp. z o.o. | Sterowniki Elektroniczne | Fotowoltaika PPO\u017b<\/title>\n<meta name=\"robots\" content=\"index, follow, max-snippet:-1, max-image-preview:large, max-video-preview:-1\" \/>\n<link rel=\"canonical\" href=\"https:\/\/estgroup.pl\/\" \/>\n<meta property=\"og:locale\" content=\"pl_PL\" \/>\n<meta property=\"og:type\" content=\"article\" \/>\n<meta property=\"og:title\" content=\"STRONA G\u0141\u00d3WNA - EST GROUP Sp. z o.o. | Sterowniki Elektroniczne | Fotowoltaika PPO\u017b\" \/>\n<meta property=\"og:description\" content=\"FOTOWOLTAIKA Urz\u0105dzenia dla FotowoltaikiSystem FPS1000 ELEKTRYKA TELETECHNIKA Projektowanie i wykonawstwo, sieci strukturalne, \u015bwiat\u0142owody ELEKTRONIKA Projekty, uC, PCB, systemy zasilania, sieci LAN i WAN AUTOMATYKA Systemy sterowania i pomiar\u00f3w dla przemys\u0142u i budynku\" \/>\n<meta property=\"og:url\" content=\"https:\/\/estgroup.pl\/\" \/>\n<meta property=\"og:site_name\" content=\"EST GROUP Sp. z o.o. | Sterowniki Elektroniczne | Fotowoltaika PPO\u017b\" \/>\n<meta property=\"article:modified_time\" content=\"2023-02-20T15:54:07+00:00\" \/>\n<meta property=\"og:image\" content=\"http:\/\/estgroup.pl\/wp-content\/uploads\/2021\/02\/full-header-1-e1625321985309.jpg\" \/>\n<meta name=\"twitter:card\" content=\"summary_large_image\" \/>\n<meta name=\"twitter:label1\" content=\"Szacowany czas czytania\" \/>\n\t<meta name=\"twitter:data1\" content=\"3 minuty\" \/>\n<script type=\"application\/ld+json\" class=\"yoast-schema-graph\">{\"@context\":\"https:\\\/\\\/schema.org\",\"@graph\":[{\"@type\":\"WebPage\",\"@id\":\"https:\\\/\\\/estgroup.pl\\\/\",\"url\":\"https:\\\/\\\/estgroup.pl\\\/\",\"name\":\"STRONA G\u0141\u00d3WNA - EST GROUP Sp. z o.o. | Sterowniki Elektroniczne | Fotowoltaika PPO\u017b\",\"isPartOf\":{\"@id\":\"https:\\\/\\\/estgroup.pl\\\/#website\"},\"primaryImageOfPage\":{\"@id\":\"https:\\\/\\\/estgroup.pl\\\/#primaryimage\"},\"image\":{\"@id\":\"https:\\\/\\\/estgroup.pl\\\/#primaryimage\"},\"thumbnailUrl\":\"http:\\\/\\\/estgroup.pl\\\/wp-content\\\/uploads\\\/2021\\\/02\\\/full-header-1-e1625321985309.jpg\",\"datePublished\":\"2020-01-13T11:17:52+00:00\",\"dateModified\":\"2023-02-20T15:54:07+00:00\",\"breadcrumb\":{\"@id\":\"https:\\\/\\\/estgroup.pl\\\/#breadcrumb\"},\"inLanguage\":\"pl-PL\",\"potentialAction\":[{\"@type\":\"ReadAction\",\"target\":[\"https:\\\/\\\/estgroup.pl\\\/\"]}]},{\"@type\":\"ImageObject\",\"inLanguage\":\"pl-PL\",\"@id\":\"https:\\\/\\\/estgroup.pl\\\/#primaryimage\",\"url\":\"http:\\\/\\\/estgroup.pl\\\/wp-content\\\/uploads\\\/2021\\\/02\\\/full-header-1-e1625321985309.jpg\",\"contentUrl\":\"http:\\\/\\\/estgroup.pl\\\/wp-content\\\/uploads\\\/2021\\\/02\\\/full-header-1-e1625321985309.jpg\"},{\"@type\":\"BreadcrumbList\",\"@id\":\"https:\\\/\\\/estgroup.pl\\\/#breadcrumb\",\"itemListElement\":[{\"@type\":\"ListItem\",\"position\":1,\"name\":\"Strona g\u0142\u00f3wna\",\"item\":\"https:\\\/\\\/estgroup.pl\\\/\"},{\"@type\":\"ListItem\",\"position\":2,\"name\":\"STRONA G\u0141\u00d3WNA\"}]},{\"@type\":\"WebSite\",\"@id\":\"https:\\\/\\\/estgroup.pl\\\/#website\",\"url\":\"https:\\\/\\\/estgroup.pl\\\/\",\"name\":\"EST GROUP Sp. z o.o. | Sterowniki Elektroniczne | Fotowoltaika\",\"description\":\"EST GROUP Sp. z o.o. | Sterowniki Elektroniczne | Fotowoltaika PPO\u017b\",\"publisher\":{\"@id\":\"https:\\\/\\\/estgroup.pl\\\/#organization\"},\"potentialAction\":[{\"@type\":\"SearchAction\",\"target\":{\"@type\":\"EntryPoint\",\"urlTemplate\":\"https:\\\/\\\/estgroup.pl\\\/?s={search_term_string}\"},\"query-input\":{\"@type\":\"PropertyValueSpecification\",\"valueRequired\":true,\"valueName\":\"search_term_string\"}}],\"inLanguage\":\"pl-PL\"},{\"@type\":\"Organization\",\"@id\":\"https:\\\/\\\/estgroup.pl\\\/#organization\",\"name\":\"EST GROUP Sp. z o.o.\",\"url\":\"https:\\\/\\\/estgroup.pl\\\/\",\"logo\":{\"@type\":\"ImageObject\",\"inLanguage\":\"pl-PL\",\"@id\":\"https:\\\/\\\/estgroup.pl\\\/#\\\/schema\\\/logo\\\/image\\\/\",\"url\":\"https:\\\/\\\/estgroup.pl\\\/wp-content\\\/uploads\\\/2021\\\/02\\\/est.png\",\"contentUrl\":\"https:\\\/\\\/estgroup.pl\\\/wp-content\\\/uploads\\\/2021\\\/02\\\/est.png\",\"width\":297,\"height\":297,\"caption\":\"EST GROUP Sp. z o.o.\"},\"image\":{\"@id\":\"https:\\\/\\\/estgroup.pl\\\/#\\\/schema\\\/logo\\\/image\\\/\"},\"sameAs\":[\"https:\\\/\\\/www.linkedin.com\\\/company\\\/est-engineering-group\"]}]}<\/script>\n<!-- \/ Yoast SEO plugin. -->","yoast_head_json":{"title":"STRONA G\u0141\u00d3WNA - EST GROUP Sp. z o.o. | Sterowniki Elektroniczne | Fotowoltaika PPO\u017b","robots":{"index":"index","follow":"follow","max-snippet":"max-snippet:-1","max-image-preview":"max-image-preview:large","max-video-preview":"max-video-preview:-1"},"canonical":"https:\/\/estgroup.pl\/","og_locale":"pl_PL","og_type":"article","og_title":"STRONA G\u0141\u00d3WNA - EST GROUP Sp. z o.o. | Sterowniki Elektroniczne | Fotowoltaika PPO\u017b","og_description":"FOTOWOLTAIKA Urz\u0105dzenia dla FotowoltaikiSystem FPS1000 ELEKTRYKA TELETECHNIKA Projektowanie i wykonawstwo, sieci strukturalne, \u015bwiat\u0142owody ELEKTRONIKA Projekty, uC, PCB, systemy zasilania, sieci LAN i WAN AUTOMATYKA Systemy sterowania i pomiar\u00f3w dla przemys\u0142u i budynku","og_url":"https:\/\/estgroup.pl\/","og_site_name":"EST GROUP Sp. z o.o. | Sterowniki Elektroniczne | Fotowoltaika PPO\u017b","article_modified_time":"2023-02-20T15:54:07+00:00","og_image":[{"url":"http:\/\/estgroup.pl\/wp-content\/uploads\/2021\/02\/full-header-1-e1625321985309.jpg","type":"","width":"","height":""}],"twitter_card":"summary_large_image","twitter_misc":{"Szacowany czas czytania":"3 minuty"},"schema":{"@context":"https:\/\/schema.org","@graph":[{"@type":"WebPage","@id":"https:\/\/estgroup.pl\/","url":"https:\/\/estgroup.pl\/","name":"STRONA G\u0141\u00d3WNA - EST GROUP Sp. z o.o. | Sterowniki Elektroniczne | Fotowoltaika PPO\u017b","isPartOf":{"@id":"https:\/\/estgroup.pl\/#website"},"primaryImageOfPage":{"@id":"https:\/\/estgroup.pl\/#primaryimage"},"image":{"@id":"https:\/\/estgroup.pl\/#primaryimage"},"thumbnailUrl":"http:\/\/estgroup.pl\/wp-content\/uploads\/2021\/02\/full-header-1-e1625321985309.jpg","datePublished":"2020-01-13T11:17:52+00:00","dateModified":"2023-02-20T15:54:07+00:00","breadcrumb":{"@id":"https:\/\/estgroup.pl\/#breadcrumb"},"inLanguage":"pl-PL","potentialAction":[{"@type":"ReadAction","target":["https:\/\/estgroup.pl\/"]}]},{"@type":"ImageObject","inLanguage":"pl-PL","@id":"https:\/\/estgroup.pl\/#primaryimage","url":"http:\/\/estgroup.pl\/wp-content\/uploads\/2021\/02\/full-header-1-e1625321985309.jpg","contentUrl":"http:\/\/estgroup.pl\/wp-content\/uploads\/2021\/02\/full-header-1-e1625321985309.jpg"},{"@type":"BreadcrumbList","@id":"https:\/\/estgroup.pl\/#breadcrumb","itemListElement":[{"@type":"ListItem","position":1,"name":"Strona g\u0142\u00f3wna","item":"https:\/\/estgroup.pl\/"},{"@type":"ListItem","position":2,"name":"STRONA G\u0141\u00d3WNA"}]},{"@type":"WebSite","@id":"https:\/\/estgroup.pl\/#website","url":"https:\/\/estgroup.pl\/","name":"EST GROUP Sp. z o.o. | Sterowniki Elektroniczne | Fotowoltaika","description":"EST GROUP Sp. z o.o. | Sterowniki Elektroniczne | Fotowoltaika PPO\u017b","publisher":{"@id":"https:\/\/estgroup.pl\/#organization"},"potentialAction":[{"@type":"SearchAction","target":{"@type":"EntryPoint","urlTemplate":"https:\/\/estgroup.pl\/?s={search_term_string}"},"query-input":{"@type":"PropertyValueSpecification","valueRequired":true,"valueName":"search_term_string"}}],"inLanguage":"pl-PL"},{"@type":"Organization","@id":"https:\/\/estgroup.pl\/#organization","name":"EST GROUP Sp. z o.o.","url":"https:\/\/estgroup.pl\/","logo":{"@type":"ImageObject","inLanguage":"pl-PL","@id":"https:\/\/estgroup.pl\/#\/schema\/logo\/image\/","url":"https:\/\/estgroup.pl\/wp-content\/uploads\/2021\/02\/est.png","contentUrl":"https:\/\/estgroup.pl\/wp-content\/uploads\/2021\/02\/est.png","width":297,"height":297,"caption":"EST GROUP Sp. z o.o."},"image":{"@id":"https:\/\/estgroup.pl\/#\/schema\/logo\/image\/"},"sameAs":["https:\/\/www.linkedin.com\/company\/est-engineering-group"]}]}},"uagb_featured_image_src":{"full":false,"thumbnail":false,"medium":false,"medium_large":false,"large":false,"1536x1536":false,"2048x2048":false,"neve-blog":false},"uagb_author_info":{"display_name":"admin","author_link":"https:\/\/estgroup.pl\/index.php\/author\/admin\/"},"uagb_comment_info":0,"uagb_excerpt":"FOTOWOLTAIKA Urz\u0105dzenia dla FotowoltaikiSystem FPS1000 ELEKTRYKA TELETECHNIKA Projektowanie i wykonawstwo, sieci strukturalne, \u015bwiat\u0142owody ELEKTRONIKA Projekty, uC, PCB, systemy zasilania, sieci LAN i WAN AUTOMATYKA Systemy sterowania i pomiar\u00f3w dla przemys\u0142u i budynku","_links":{"self":[{"href":"https:\/\/estgroup.pl\/index.php\/wp-json\/wp\/v2\/pages\/230","targetHints":{"allow":["GET"]}}],"collection":[{"href":"https:\/\/estgroup.pl\/index.php\/wp-json\/wp\/v2\/pages"}],"about":[{"href":"https:\/\/estgroup.pl\/index.php\/wp-json\/wp\/v2\/types\/page"}],"author":[{"embeddable":true,"href":"https:\/\/estgroup.pl\/index.php\/wp-json\/wp\/v2\/users\/1"}],"replies":[{"embeddable":true,"href":"https:\/\/estgroup.pl\/index.php\/wp-json\/wp\/v2\/comments?post=230"}],"version-history":[{"count":102,"href":"https:\/\/estgroup.pl\/index.php\/wp-json\/wp\/v2\/pages\/230\/revisions"}],"predecessor-version":[{"id":1036,"href":"https:\/\/estgroup.pl\/index.php\/wp-json\/wp\/v2\/pages\/230\/revisions\/1036"}],"wp:attachment":[{"href":"https:\/\/estgroup.pl\/index.php\/wp-json\/wp\/v2\/media?parent=230"}],"curies":[{"name":"wp","href":"https:\/\/api.w.org\/{rel}","templated":true}]}}