{"id":360,"date":"2021-02-15T18:37:02","date_gmt":"2021-02-15T18:37:02","guid":{"rendered":"http:\/\/127.0.0.1\/WordPress\/wordpress\/?page_id=360"},"modified":"2021-07-03T19:34:31","modified_gmt":"2021-07-03T19:34:31","slug":"elektronika-kontraktowa","status":"publish","type":"page","link":"https:\/\/estgroup.pl\/index.php\/elektronika-kontraktowa\/","title":{"rendered":"ELEKTRONIKA"},"content":{"rendered":"\n<div class=\"wp-block-cover aligncenter has-neve-link-color-background-color has-background-dim\" style=\"min-height:600px;aspect-ratio:unset;\"><div class=\"wp-block-cover__inner-container is-layout-flow wp-block-cover-is-layout-flow\">\n<div class=\"wp-block-group\"><div class=\"wp-block-group__inner-container is-layout-flow wp-block-group-is-layout-flow\">\n<div class=\"wp-block-columns are-vertically-aligned-center is-layout-flex wp-container-core-columns-is-layout-9d6595d7 wp-block-columns-is-layout-flex\">\n<div class=\"wp-block-column is-vertically-aligned-center is-layout-flow wp-block-column-is-layout-flow\" style=\"flex-basis:50%\">\n<div class=\"wp-block-image is-style-default\"><figure class=\"aligncenter size-large is-resized\"><img loading=\"lazy\" decoding=\"async\" src=\"http:\/\/estgroup.pl\/wp-content\/uploads\/2021\/02\/est-photo-2-1024x427.jpg\" alt=\"\" class=\"wp-image-22\" width=\"547\" height=\"227\" srcset=\"https:\/\/estgroup.pl\/wp-content\/uploads\/2021\/02\/est-photo-2-1024x427.jpg 1024w, https:\/\/estgroup.pl\/wp-content\/uploads\/2021\/02\/est-photo-2-300x125.jpg 300w, https:\/\/estgroup.pl\/wp-content\/uploads\/2021\/02\/est-photo-2-768x320.jpg 768w, https:\/\/estgroup.pl\/wp-content\/uploads\/2021\/02\/est-photo-2.jpg 1200w\" sizes=\"auto, (max-width: 547px) 100vw, 547px\" \/><\/figure><\/div>\n<\/div>\n\n\n\n<div class=\"wp-block-column is-vertically-aligned-center is-layout-flow wp-block-column-is-layout-flow\" style=\"flex-basis:50%\">\n<p class=\"has-text-align-left has-neve-text-color-color has-text-color\">Projekt, wykonanie, uruchomienie\u2026 te wszystkie etapy realizujemy w EST GROUP w ramach zleconych projekt\u00f3w zwi\u0105zanych z elektronik\u0105 i informatyk\u0105.<\/p>\n\n\n\n<p class=\"has-text-align-left has-neve-text-color-color has-text-color\">W trakcie prowadzenia naszej dzia\u0142alno\u015bci byli\u015bmy zaanga\u017cowani w r\u00f3\u017cne etapy realizacji przedsi\u0119wzi\u0119\u0107.<\/p>\n\n\n\n<h4 class=\"has-text-align-left has-neve-text-color-color has-text-color wp-block-heading\">Koncepcja<\/h4>\n\n\n\n<p class=\"has-text-align-left has-neve-text-color-color has-text-color\">Jakie uk\u0142ad ma spe\u0142nia\u0107 zadania? Jakiej u\u017cy\u0107 technologii? Co chcemy osi\u0105gn\u0105\u0107? \u2013 te aktywno\u015bci zawsze prowadzone s\u0105 z klientem w celu precyzyjnego okre\u015blenia potrzeb<\/p>\n\n\n\n<div class=\"wp-block-buttons is-layout-flex wp-block-buttons-is-layout-flex\">\n<div class=\"wp-block-button is-style-default\"><a class=\"wp-block-button__link\" href=\"https:\/\/estgroup.pl\/index.php\/estgroup-contact-us\/\" style=\"border-radius:5px\">Skontaktuj si\u0119 z nami<\/a><\/div>\n<\/div>\n<\/div>\n<\/div>\n<\/div><\/div>\n<\/div><\/div>\n\n\n\n<div style=\"height:40px\" aria-hidden=\"true\" class=\"wp-block-spacer\"><\/div>\n\n\n\n<div class=\"wp-block-cover aligncenter has-neve-link-color-background-color has-background-dim\" style=\"min-height:600px;aspect-ratio:unset;\"><div class=\"wp-block-cover__inner-container is-layout-flow wp-block-cover-is-layout-flow\">\n<div class=\"wp-block-group\"><div class=\"wp-block-group__inner-container is-layout-flow wp-block-group-is-layout-flow\">\n<div class=\"wp-block-columns are-vertically-aligned-center is-layout-flex wp-container-core-columns-is-layout-9d6595d7 wp-block-columns-is-layout-flex\">\n<div class=\"wp-block-column is-vertically-aligned-center is-layout-flow wp-block-column-is-layout-flow\" style=\"flex-basis:50%\">\n<h3 class=\"has-text-align-left has-neve-text-color-color has-text-color wp-block-heading\">Projekt<\/h3>\n\n\n\n<p class=\"has-text-align-left has-neve-text-color-color has-text-color\">Opracowanie schemat\u00f3w uk\u0142adu i projekt PCB -> tutaj zaanga\u017cowanie naszego zespo\u0142u in\u017cynierskiego zawsze jest ogromne, tak aby kolejne etapy by\u0142y jedynie cz\u0119\u015bci\u0105 uruchomieniow\u0105, a nie kolejnym prototypem<\/p>\n\n\n\n<h3 class=\"has-text-align-left has-nv-text-dark-bg-color has-text-color has-neve-text-color-color wp-block-heading\"><span class=\"has-inline-color has-neve-text-color-color\">Realizacja<\/span><\/h3>\n\n\n\n<p class=\"has-text-align-left has-neve-text-color-color has-text-color\">Monta\u017c podzespo\u0142\u00f3w, programowanie i uruchomienie -> ten etap jest zawsze bardzo wymagaj\u0105cy, dlatego w jednym miejscu\u00a0 programi\u015bci system\u00f3w embedded oraz hardwer\u2019owcy wsp\u00f3\u0142pracuj\u0105 w celu jak najlepszego i najszybszego uruchomienia produktu<\/p>\n\n\n\n<h3 class=\"has-text-align-left has-nv-text-dark-bg-color has-text-color has-neve-text-color-color wp-block-heading\"><span class=\"has-inline-color has-neve-text-color-color\">Maintenance<\/span><\/h3>\n\n\n\n<p class=\"has-text-align-left has-neve-text-color-color has-text-color\">Dostarczone przez nas urz\u0105dzenia maj\u0105 wsparcie techniczne, zapewniamy r\u00f3wnie\u017c ew. modyfikacje oprogramowania wynikaj\u0105ce z potrzeb klienta.<\/p>\n\n\n\n<div style=\"height:20px\" aria-hidden=\"true\" class=\"wp-block-spacer\"><\/div>\n\n\n\n<div class=\"wp-block-buttons is-layout-flex wp-block-buttons-is-layout-flex\">\n<div class=\"wp-block-button is-style-default\"><a class=\"wp-block-button__link\" href=\"https:\/\/estgroup.pl\/index.php\/estgroup-contact-us\/\" style=\"border-radius:5px\">Skontaktuj si\u0119 z nami<\/a><\/div>\n<\/div>\n\n\n\n<div style=\"height:20px\" aria-hidden=\"true\" class=\"wp-block-spacer\"><\/div>\n<\/div>\n\n\n\n<div class=\"wp-block-column is-vertically-aligned-center is-layout-flow wp-block-column-is-layout-flow\" style=\"flex-basis:50%\">\n<figure class=\"wp-block-image size-large\"><img loading=\"lazy\" decoding=\"async\" width=\"1024\" height=\"871\" src=\"http:\/\/127.0.0.1\/WordPress\/wordpress\/wp-content\/uploads\/2021\/02\/wyswietlacz-rs232-front-run-1-1024x871.jpg\" alt=\"\" class=\"wp-image-369\" srcset=\"https:\/\/estgroup.pl\/wp-content\/uploads\/2021\/02\/wyswietlacz-rs232-front-run-1-1024x871.jpg 1024w, https:\/\/estgroup.pl\/wp-content\/uploads\/2021\/02\/wyswietlacz-rs232-front-run-1-300x255.jpg 300w, https:\/\/estgroup.pl\/wp-content\/uploads\/2021\/02\/wyswietlacz-rs232-front-run-1-768x654.jpg 768w, https:\/\/estgroup.pl\/wp-content\/uploads\/2021\/02\/wyswietlacz-rs232-front-run-1.jpg 1504w\" sizes=\"auto, (max-width: 1024px) 100vw, 1024px\" \/><\/figure>\n<\/div>\n<\/div>\n<\/div><\/div>\n<\/div><\/div>\n\n\n\n<div style=\"height:40px\" aria-hidden=\"true\" class=\"wp-block-spacer\"><\/div>\n\n\n\n<div class=\"wp-block-cover aligncenter has-neve-link-color-background-color has-background-dim\" style=\"min-height:400px;aspect-ratio:unset;\"><div class=\"wp-block-cover__inner-container is-layout-flow wp-block-cover-is-layout-flow\">\n<p class=\"has-text-align-center has-neve-text-color-color has-text-color\" style=\"font-size:22px\"><strong>W REALIZACJI PRAC Z ZAKRESU ELEKTRONIKI ZAPEWNIAMY:<\/strong><\/p>\n\n\n\n<div style=\"height:40px\" aria-hidden=\"true\" class=\"wp-block-spacer\"><\/div>\n\n\n\n<div class=\"wp-block-columns is-layout-flex wp-container-core-columns-is-layout-9d6595d7 wp-block-columns-is-layout-flex\">\n<div class=\"wp-block-column ticss-4ce656f1 is-layout-flow wp-block-column-is-layout-flow\">\n<div class=\"wp-block-image icon-style is-style-rounded\"><figure class=\"aligncenter size-large is-resized\"><img loading=\"lazy\" decoding=\"async\" src=\"https:\/\/s33834.pcdn.co\/wp-content\/uploads\/2020\/12\/check-solid-1.svg\" alt=\"\" width=\"48\" height=\"48\"\/><\/figure><\/div>\n\n\n\n<h3 class=\"has-text-align-center has-neve-text-color-color has-text-color wp-block-heading\">Projekt<\/h3>\n<\/div>\n\n\n\n<div class=\"wp-block-column ticss-f6fc7494 is-layout-flow wp-block-column-is-layout-flow\">\n<div class=\"wp-block-image icon-style is-style-rounded\"><figure class=\"aligncenter size-large is-resized\"><img loading=\"lazy\" decoding=\"async\" src=\"https:\/\/s33834.pcdn.co\/wp-content\/uploads\/2020\/12\/check-solid-1.svg\" alt=\"\" width=\"48\" height=\"48\"\/><\/figure><\/div>\n\n\n\n<h3 class=\"has-text-align-center has-neve-text-color-color has-text-color wp-block-heading\">Wykonanie<\/h3>\n<\/div>\n\n\n\n<div class=\"wp-block-column ticss-a5b4df29 is-layout-flow wp-block-column-is-layout-flow\">\n<div class=\"wp-block-image icon-style is-style-rounded\"><figure class=\"aligncenter size-large is-resized\"><img loading=\"lazy\" decoding=\"async\" src=\"https:\/\/s33834.pcdn.co\/wp-content\/uploads\/2020\/12\/check-solid-1.svg\" alt=\"\" width=\"48\" height=\"48\"\/><\/figure><\/div>\n\n\n\n<h3 class=\"has-text-align-center has-neve-text-color-color has-text-color wp-block-heading\">Utrzymanie<\/h3>\n<\/div>\n<\/div>\n<\/div><\/div>\n\n\n\n<div style=\"height:40px\" aria-hidden=\"true\" class=\"wp-block-spacer\"><\/div>\n\n\n\n<div class=\"wp-block-cover aligncenter has-nv-light-bg-background-color has-background-dim\" style=\"min-height:600px;aspect-ratio:unset;\"><div class=\"wp-block-cover__inner-container is-layout-flow wp-block-cover-is-layout-flow\">\n<div class=\"wp-block-group\"><div class=\"wp-block-group__inner-container is-layout-flow wp-block-group-is-layout-flow\">\n<div style=\"height:80px\" aria-hidden=\"true\" class=\"wp-block-spacer\"><\/div>\n\n\n\n<h2 class=\"has-nv-text-dark-bg-color has-text-color wp-block-heading\">Przyk\u0142ady realizacji<\/h2>\n\n\n\n<div class=\"wp-block-columns is-layout-flex wp-container-core-columns-is-layout-9d6595d7 wp-block-columns-is-layout-flex\">\n<div class=\"wp-block-column is-layout-flow wp-block-column-is-layout-flow\">\n<figure class=\"wp-block-gallery columns-2 is-cropped wp-block-gallery-1 is-layout-flex wp-block-gallery-is-layout-flex\"><ul class=\"blocks-gallery-grid\"><li class=\"blocks-gallery-item\"><figure><img loading=\"lazy\" decoding=\"async\" width=\"1024\" height=\"1024\" src=\"http:\/\/127.0.0.1\/WordPress\/wordpress\/wp-content\/uploads\/2021\/02\/20210112_120709-1024x1024.jpg\" alt=\"\" data-id=\"361\" data-full-url=\"http:\/\/127.0.0.1\/WordPress\/wordpress\/wp-content\/uploads\/2021\/02\/20210112_120709-scaled.jpg\" data-link=\"http:\/\/127.0.0.1\/WordPress\/wordpress\/?attachment_id=361\" class=\"wp-image-361\" srcset=\"https:\/\/estgroup.pl\/wp-content\/uploads\/2021\/02\/20210112_120709-1024x1024.jpg 1024w, https:\/\/estgroup.pl\/wp-content\/uploads\/2021\/02\/20210112_120709-scaled-300x300.jpg 300w, https:\/\/estgroup.pl\/wp-content\/uploads\/2021\/02\/20210112_120709-scaled-100x100.jpg 100w, https:\/\/estgroup.pl\/wp-content\/uploads\/2021\/02\/20210112_120709-150x150.jpg 150w, https:\/\/estgroup.pl\/wp-content\/uploads\/2021\/02\/20210112_120709-768x768.jpg 768w, https:\/\/estgroup.pl\/wp-content\/uploads\/2021\/02\/20210112_120709-1536x1536.jpg 1536w, https:\/\/estgroup.pl\/wp-content\/uploads\/2021\/02\/20210112_120709-2048x2048.jpg 2048w\" sizes=\"auto, (max-width: 1024px) 100vw, 1024px\" \/><\/figure><\/li><li class=\"blocks-gallery-item\"><figure><img loading=\"lazy\" decoding=\"async\" width=\"1024\" height=\"1024\" src=\"http:\/\/127.0.0.1\/WordPress\/wordpress\/wp-content\/uploads\/2021\/02\/20210112_121001-1024x1024.jpg\" alt=\"\" data-id=\"362\" data-full-url=\"http:\/\/127.0.0.1\/WordPress\/wordpress\/wp-content\/uploads\/2021\/02\/20210112_121001-scaled.jpg\" data-link=\"http:\/\/127.0.0.1\/WordPress\/wordpress\/?attachment_id=362\" class=\"wp-image-362\" srcset=\"https:\/\/estgroup.pl\/wp-content\/uploads\/2021\/02\/20210112_121001-1024x1024.jpg 1024w, https:\/\/estgroup.pl\/wp-content\/uploads\/2021\/02\/20210112_121001-scaled-300x300.jpg 300w, https:\/\/estgroup.pl\/wp-content\/uploads\/2021\/02\/20210112_121001-scaled-100x100.jpg 100w, https:\/\/estgroup.pl\/wp-content\/uploads\/2021\/02\/20210112_121001-150x150.jpg 150w, https:\/\/estgroup.pl\/wp-content\/uploads\/2021\/02\/20210112_121001-768x768.jpg 768w, https:\/\/estgroup.pl\/wp-content\/uploads\/2021\/02\/20210112_121001-1536x1536.jpg 1536w, https:\/\/estgroup.pl\/wp-content\/uploads\/2021\/02\/20210112_121001-2048x2048.jpg 2048w\" sizes=\"auto, (max-width: 1024px) 100vw, 1024px\" \/><\/figure><\/li><li class=\"blocks-gallery-item\"><figure><img loading=\"lazy\" decoding=\"async\" width=\"1024\" height=\"1024\" src=\"http:\/\/127.0.0.1\/WordPress\/wordpress\/wp-content\/uploads\/2021\/02\/20210112_120029-1024x1024.jpg\" alt=\"\" data-id=\"363\" data-full-url=\"http:\/\/127.0.0.1\/WordPress\/wordpress\/wp-content\/uploads\/2021\/02\/20210112_120029-scaled.jpg\" data-link=\"http:\/\/127.0.0.1\/WordPress\/wordpress\/?attachment_id=363\" class=\"wp-image-363\" srcset=\"https:\/\/estgroup.pl\/wp-content\/uploads\/2021\/02\/20210112_120029-1024x1024.jpg 1024w, https:\/\/estgroup.pl\/wp-content\/uploads\/2021\/02\/20210112_120029-scaled-300x300.jpg 300w, https:\/\/estgroup.pl\/wp-content\/uploads\/2021\/02\/20210112_120029-scaled-100x100.jpg 100w, https:\/\/estgroup.pl\/wp-content\/uploads\/2021\/02\/20210112_120029-150x150.jpg 150w, https:\/\/estgroup.pl\/wp-content\/uploads\/2021\/02\/20210112_120029-768x768.jpg 768w, https:\/\/estgroup.pl\/wp-content\/uploads\/2021\/02\/20210112_120029-1536x1536.jpg 1536w, https:\/\/estgroup.pl\/wp-content\/uploads\/2021\/02\/20210112_120029-2048x2048.jpg 2048w\" sizes=\"auto, (max-width: 1024px) 100vw, 1024px\" \/><\/figure><\/li><li class=\"blocks-gallery-item\"><figure><img loading=\"lazy\" decoding=\"async\" width=\"800\" height=\"600\" src=\"http:\/\/127.0.0.1\/WordPress\/wordpress\/wp-content\/uploads\/2021\/02\/2.jpg\" alt=\"\" data-id=\"364\" data-full-url=\"http:\/\/127.0.0.1\/WordPress\/wordpress\/wp-content\/uploads\/2021\/02\/2.jpg\" data-link=\"http:\/\/127.0.0.1\/WordPress\/wordpress\/?attachment_id=364\" class=\"wp-image-364\" srcset=\"https:\/\/estgroup.pl\/wp-content\/uploads\/2021\/02\/2.jpg 800w, https:\/\/estgroup.pl\/wp-content\/uploads\/2021\/02\/2-300x225.jpg 300w, https:\/\/estgroup.pl\/wp-content\/uploads\/2021\/02\/2-768x576.jpg 768w\" sizes=\"auto, (max-width: 800px) 100vw, 800px\" \/><\/figure><\/li><li class=\"blocks-gallery-item\"><figure><img loading=\"lazy\" decoding=\"async\" width=\"800\" height=\"434\" src=\"http:\/\/127.0.0.1\/WordPress\/wordpress\/wp-content\/uploads\/2021\/02\/mate-100-strefa1-wyciety-resized.jpg\" alt=\"\" data-id=\"16\" data-full-url=\"http:\/\/127.0.0.1\/WordPress\/wordpress\/wp-content\/uploads\/2021\/02\/mate-100-strefa1-wyciety-resized.jpg\" data-link=\"http:\/\/127.0.0.1\/WordPress\/wordpress\/?attachment_id=16\" class=\"wp-image-16\" srcset=\"https:\/\/estgroup.pl\/wp-content\/uploads\/2021\/02\/mate-100-strefa1-wyciety-resized.jpg 800w, https:\/\/estgroup.pl\/wp-content\/uploads\/2021\/02\/mate-100-strefa1-wyciety-resized-300x163.jpg 300w, https:\/\/estgroup.pl\/wp-content\/uploads\/2021\/02\/mate-100-strefa1-wyciety-resized-768x417.jpg 768w\" sizes=\"auto, (max-width: 800px) 100vw, 800px\" \/><\/figure><\/li><\/ul><\/figure>\n<\/div>\n<\/div>\n\n\n\n<div style=\"height:40px\" aria-hidden=\"true\" class=\"wp-block-spacer\"><\/div>\n<\/div><\/div>\n<\/div><\/div>\n","protected":false},"excerpt":{"rendered":"","protected":false},"author":1,"featured_media":0,"parent":0,"menu_order":0,"comment_status":"closed","ping_status":"closed","template":"","meta":{"neve_meta_sidebar":"full-width","neve_meta_container":"","neve_meta_enable_content_width":"on","neve_meta_content_width":100,"neve_meta_title_alignment":"","neve_meta_author_avatar":"","neve_post_elements_order":"","neve_meta_disable_header":"","neve_meta_disable_footer":"","neve_meta_disable_title":"","_ti_tpc_template_sync":false,"_ti_tpc_template_id":"","footnotes":""},"class_list":["post-360","page","type-page","status-publish","hentry"],"yoast_head":"<!-- This site is optimized with the Yoast SEO plugin v27.5 - https:\/\/yoast.com\/product\/yoast-seo-wordpress\/ -->\n<title>ELEKTRONIKA - EST GROUP Sp. z o.o. | Sterowniki Elektroniczne | Fotowoltaika PPO\u017b<\/title>\n<meta name=\"robots\" content=\"index, follow, max-snippet:-1, max-image-preview:large, max-video-preview:-1\" \/>\n<link rel=\"canonical\" href=\"https:\/\/estgroup.pl\/index.php\/elektronika-kontraktowa\/\" \/>\n<meta property=\"og:locale\" content=\"pl_PL\" \/>\n<meta property=\"og:type\" content=\"article\" \/>\n<meta property=\"og:title\" content=\"ELEKTRONIKA - EST GROUP Sp. z o.o. | Sterowniki Elektroniczne | Fotowoltaika PPO\u017b\" \/>\n<meta property=\"og:url\" content=\"https:\/\/estgroup.pl\/index.php\/elektronika-kontraktowa\/\" \/>\n<meta property=\"og:site_name\" content=\"EST GROUP Sp. z o.o. | Sterowniki Elektroniczne | Fotowoltaika PPO\u017b\" \/>\n<meta property=\"article:modified_time\" content=\"2021-07-03T19:34:31+00:00\" \/>\n<meta property=\"og:image\" content=\"http:\/\/estgroup.pl\/wp-content\/uploads\/2021\/02\/est-photo-2-1024x427.jpg\" \/>\n<meta name=\"twitter:card\" content=\"summary_large_image\" \/>\n<meta name=\"twitter:label1\" content=\"Szacowany czas czytania\" \/>\n\t<meta name=\"twitter:data1\" content=\"3 minuty\" \/>\n<script type=\"application\/ld+json\" class=\"yoast-schema-graph\">{\"@context\":\"https:\\\/\\\/schema.org\",\"@graph\":[{\"@type\":\"WebPage\",\"@id\":\"https:\\\/\\\/estgroup.pl\\\/index.php\\\/elektronika-kontraktowa\\\/\",\"url\":\"https:\\\/\\\/estgroup.pl\\\/index.php\\\/elektronika-kontraktowa\\\/\",\"name\":\"ELEKTRONIKA - EST GROUP Sp. z o.o. | Sterowniki Elektroniczne | Fotowoltaika PPO\u017b\",\"isPartOf\":{\"@id\":\"https:\\\/\\\/estgroup.pl\\\/#website\"},\"primaryImageOfPage\":{\"@id\":\"https:\\\/\\\/estgroup.pl\\\/index.php\\\/elektronika-kontraktowa\\\/#primaryimage\"},\"image\":{\"@id\":\"https:\\\/\\\/estgroup.pl\\\/index.php\\\/elektronika-kontraktowa\\\/#primaryimage\"},\"thumbnailUrl\":\"http:\\\/\\\/estgroup.pl\\\/wp-content\\\/uploads\\\/2021\\\/02\\\/est-photo-2-1024x427.jpg\",\"datePublished\":\"2021-02-15T18:37:02+00:00\",\"dateModified\":\"2021-07-03T19:34:31+00:00\",\"breadcrumb\":{\"@id\":\"https:\\\/\\\/estgroup.pl\\\/index.php\\\/elektronika-kontraktowa\\\/#breadcrumb\"},\"inLanguage\":\"pl-PL\",\"potentialAction\":[{\"@type\":\"ReadAction\",\"target\":[\"https:\\\/\\\/estgroup.pl\\\/index.php\\\/elektronika-kontraktowa\\\/\"]}]},{\"@type\":\"ImageObject\",\"inLanguage\":\"pl-PL\",\"@id\":\"https:\\\/\\\/estgroup.pl\\\/index.php\\\/elektronika-kontraktowa\\\/#primaryimage\",\"url\":\"https:\\\/\\\/estgroup.pl\\\/wp-content\\\/uploads\\\/2021\\\/02\\\/est-photo-2.jpg\",\"contentUrl\":\"https:\\\/\\\/estgroup.pl\\\/wp-content\\\/uploads\\\/2021\\\/02\\\/est-photo-2.jpg\",\"width\":1200,\"height\":500},{\"@type\":\"BreadcrumbList\",\"@id\":\"https:\\\/\\\/estgroup.pl\\\/index.php\\\/elektronika-kontraktowa\\\/#breadcrumb\",\"itemListElement\":[{\"@type\":\"ListItem\",\"position\":1,\"name\":\"Strona g\u0142\u00f3wna\",\"item\":\"https:\\\/\\\/estgroup.pl\\\/\"},{\"@type\":\"ListItem\",\"position\":2,\"name\":\"ELEKTRONIKA\"}]},{\"@type\":\"WebSite\",\"@id\":\"https:\\\/\\\/estgroup.pl\\\/#website\",\"url\":\"https:\\\/\\\/estgroup.pl\\\/\",\"name\":\"EST GROUP Sp. z o.o. | Sterowniki Elektroniczne | Fotowoltaika\",\"description\":\"EST GROUP Sp. z o.o. | Sterowniki Elektroniczne | Fotowoltaika PPO\u017b\",\"publisher\":{\"@id\":\"https:\\\/\\\/estgroup.pl\\\/#organization\"},\"potentialAction\":[{\"@type\":\"SearchAction\",\"target\":{\"@type\":\"EntryPoint\",\"urlTemplate\":\"https:\\\/\\\/estgroup.pl\\\/?s={search_term_string}\"},\"query-input\":{\"@type\":\"PropertyValueSpecification\",\"valueRequired\":true,\"valueName\":\"search_term_string\"}}],\"inLanguage\":\"pl-PL\"},{\"@type\":\"Organization\",\"@id\":\"https:\\\/\\\/estgroup.pl\\\/#organization\",\"name\":\"EST GROUP Sp. z o.o.\",\"url\":\"https:\\\/\\\/estgroup.pl\\\/\",\"logo\":{\"@type\":\"ImageObject\",\"inLanguage\":\"pl-PL\",\"@id\":\"https:\\\/\\\/estgroup.pl\\\/#\\\/schema\\\/logo\\\/image\\\/\",\"url\":\"https:\\\/\\\/estgroup.pl\\\/wp-content\\\/uploads\\\/2021\\\/02\\\/est.png\",\"contentUrl\":\"https:\\\/\\\/estgroup.pl\\\/wp-content\\\/uploads\\\/2021\\\/02\\\/est.png\",\"width\":297,\"height\":297,\"caption\":\"EST GROUP Sp. z o.o.\"},\"image\":{\"@id\":\"https:\\\/\\\/estgroup.pl\\\/#\\\/schema\\\/logo\\\/image\\\/\"},\"sameAs\":[\"https:\\\/\\\/www.linkedin.com\\\/company\\\/est-engineering-group\"]}]}<\/script>\n<!-- \/ Yoast SEO plugin. -->","yoast_head_json":{"title":"ELEKTRONIKA - EST GROUP Sp. z o.o. | Sterowniki Elektroniczne | Fotowoltaika PPO\u017b","robots":{"index":"index","follow":"follow","max-snippet":"max-snippet:-1","max-image-preview":"max-image-preview:large","max-video-preview":"max-video-preview:-1"},"canonical":"https:\/\/estgroup.pl\/index.php\/elektronika-kontraktowa\/","og_locale":"pl_PL","og_type":"article","og_title":"ELEKTRONIKA - EST GROUP Sp. z o.o. | Sterowniki Elektroniczne | Fotowoltaika PPO\u017b","og_url":"https:\/\/estgroup.pl\/index.php\/elektronika-kontraktowa\/","og_site_name":"EST GROUP Sp. z o.o. | Sterowniki Elektroniczne | Fotowoltaika PPO\u017b","article_modified_time":"2021-07-03T19:34:31+00:00","og_image":[{"url":"http:\/\/estgroup.pl\/wp-content\/uploads\/2021\/02\/est-photo-2-1024x427.jpg","type":"","width":"","height":""}],"twitter_card":"summary_large_image","twitter_misc":{"Szacowany czas czytania":"3 minuty"},"schema":{"@context":"https:\/\/schema.org","@graph":[{"@type":"WebPage","@id":"https:\/\/estgroup.pl\/index.php\/elektronika-kontraktowa\/","url":"https:\/\/estgroup.pl\/index.php\/elektronika-kontraktowa\/","name":"ELEKTRONIKA - EST GROUP Sp. z o.o. | Sterowniki Elektroniczne | Fotowoltaika PPO\u017b","isPartOf":{"@id":"https:\/\/estgroup.pl\/#website"},"primaryImageOfPage":{"@id":"https:\/\/estgroup.pl\/index.php\/elektronika-kontraktowa\/#primaryimage"},"image":{"@id":"https:\/\/estgroup.pl\/index.php\/elektronika-kontraktowa\/#primaryimage"},"thumbnailUrl":"http:\/\/estgroup.pl\/wp-content\/uploads\/2021\/02\/est-photo-2-1024x427.jpg","datePublished":"2021-02-15T18:37:02+00:00","dateModified":"2021-07-03T19:34:31+00:00","breadcrumb":{"@id":"https:\/\/estgroup.pl\/index.php\/elektronika-kontraktowa\/#breadcrumb"},"inLanguage":"pl-PL","potentialAction":[{"@type":"ReadAction","target":["https:\/\/estgroup.pl\/index.php\/elektronika-kontraktowa\/"]}]},{"@type":"ImageObject","inLanguage":"pl-PL","@id":"https:\/\/estgroup.pl\/index.php\/elektronika-kontraktowa\/#primaryimage","url":"https:\/\/estgroup.pl\/wp-content\/uploads\/2021\/02\/est-photo-2.jpg","contentUrl":"https:\/\/estgroup.pl\/wp-content\/uploads\/2021\/02\/est-photo-2.jpg","width":1200,"height":500},{"@type":"BreadcrumbList","@id":"https:\/\/estgroup.pl\/index.php\/elektronika-kontraktowa\/#breadcrumb","itemListElement":[{"@type":"ListItem","position":1,"name":"Strona g\u0142\u00f3wna","item":"https:\/\/estgroup.pl\/"},{"@type":"ListItem","position":2,"name":"ELEKTRONIKA"}]},{"@type":"WebSite","@id":"https:\/\/estgroup.pl\/#website","url":"https:\/\/estgroup.pl\/","name":"EST GROUP Sp. z o.o. | Sterowniki Elektroniczne | Fotowoltaika","description":"EST GROUP Sp. z o.o. | Sterowniki Elektroniczne | Fotowoltaika PPO\u017b","publisher":{"@id":"https:\/\/estgroup.pl\/#organization"},"potentialAction":[{"@type":"SearchAction","target":{"@type":"EntryPoint","urlTemplate":"https:\/\/estgroup.pl\/?s={search_term_string}"},"query-input":{"@type":"PropertyValueSpecification","valueRequired":true,"valueName":"search_term_string"}}],"inLanguage":"pl-PL"},{"@type":"Organization","@id":"https:\/\/estgroup.pl\/#organization","name":"EST GROUP Sp. z o.o.","url":"https:\/\/estgroup.pl\/","logo":{"@type":"ImageObject","inLanguage":"pl-PL","@id":"https:\/\/estgroup.pl\/#\/schema\/logo\/image\/","url":"https:\/\/estgroup.pl\/wp-content\/uploads\/2021\/02\/est.png","contentUrl":"https:\/\/estgroup.pl\/wp-content\/uploads\/2021\/02\/est.png","width":297,"height":297,"caption":"EST GROUP Sp. z o.o."},"image":{"@id":"https:\/\/estgroup.pl\/#\/schema\/logo\/image\/"},"sameAs":["https:\/\/www.linkedin.com\/company\/est-engineering-group"]}]}},"uagb_featured_image_src":{"full":false,"thumbnail":false,"medium":false,"medium_large":false,"large":false,"1536x1536":false,"2048x2048":false,"neve-blog":false},"uagb_author_info":{"display_name":"admin","author_link":"https:\/\/estgroup.pl\/index.php\/author\/admin\/"},"uagb_comment_info":0,"uagb_excerpt":null,"_links":{"self":[{"href":"https:\/\/estgroup.pl\/index.php\/wp-json\/wp\/v2\/pages\/360","targetHints":{"allow":["GET"]}}],"collection":[{"href":"https:\/\/estgroup.pl\/index.php\/wp-json\/wp\/v2\/pages"}],"about":[{"href":"https:\/\/estgroup.pl\/index.php\/wp-json\/wp\/v2\/types\/page"}],"author":[{"embeddable":true,"href":"https:\/\/estgroup.pl\/index.php\/wp-json\/wp\/v2\/users\/1"}],"replies":[{"embeddable":true,"href":"https:\/\/estgroup.pl\/index.php\/wp-json\/wp\/v2\/comments?post=360"}],"version-history":[{"count":13,"href":"https:\/\/estgroup.pl\/index.php\/wp-json\/wp\/v2\/pages\/360\/revisions"}],"predecessor-version":[{"id":983,"href":"https:\/\/estgroup.pl\/index.php\/wp-json\/wp\/v2\/pages\/360\/revisions\/983"}],"wp:attachment":[{"href":"https:\/\/estgroup.pl\/index.php\/wp-json\/wp\/v2\/media?parent=360"}],"curies":[{"name":"wp","href":"https:\/\/api.w.org\/{rel}","templated":true}]}}