{"id":396,"date":"2021-02-16T11:37:34","date_gmt":"2021-02-16T11:37:34","guid":{"rendered":"http:\/\/127.0.0.1\/WordPress\/wordpress\/?page_id=396"},"modified":"2021-07-03T19:31:09","modified_gmt":"2021-07-03T19:31:09","slug":"fotowoltaika","status":"publish","type":"page","link":"https:\/\/estgroup.pl\/index.php\/fotowoltaika\/","title":{"rendered":"FOTOWOLTAIKA"},"content":{"rendered":"\n<div class=\"wp-block-cover has-background-dim\" style=\"background-color:#ef7c00;min-height:600px;aspect-ratio:unset;\"><div class=\"wp-block-cover__inner-container is-layout-flow wp-block-cover-is-layout-flow\">\n<div class=\"wp-block-group\"><div class=\"wp-block-group__inner-container is-layout-flow wp-block-group-is-layout-flow\">\n<div class=\"wp-block-columns are-vertically-aligned-center is-layout-flex wp-container-core-columns-is-layout-9d6595d7 wp-block-columns-is-layout-flex\">\n<div class=\"wp-block-column is-vertically-aligned-center is-layout-flow wp-block-column-is-layout-flow\" style=\"flex-basis:50%\">\n<figure class=\"wp-block-image size-full\"><img decoding=\"async\" src=\"https:\/\/estgroup.pl\/wp-content\/uploads\/2021\/02\/full-header-1.jpg\" alt=\"fotowoltaika-zabezpieczenia-ppo\u017c\" class=\"wp-image-330\"\/><\/figure>\n<\/div>\n\n\n\n<div class=\"wp-block-column is-vertically-aligned-center is-layout-flow wp-block-column-is-layout-flow\" style=\"flex-basis:50%\">\n<p class=\"has-neve-text-color-color has-text-color\">W zakresie zwi\u0105zanym z odnawialnymi \u017ar\u00f3d\u0142ami energii:<\/p>\n\n\n\n<p class=\"has-neve-text-color-color has-text-color\">Jeste\u015bmy polskim producentem przeciwpo\u017carowych wy\u0142\u0105cznik\u00f3w bezpiecze\u0144stwa <a href=\"https:\/\/estgroup.pl\/index.php\/zabezpieczenie-pv-fotowoltaiczne-ppoz\/\"><span class=\"has-inline-color has-nv-c-1-color\">FPS-1000<\/span><\/a> dedykowanych do instalacji fotowoltaicznych<a href=\"https:\/\/estgroup.pl\/index.php\/zabezpieczenie-pv-fotowoltaiczne-ppoz\/\"><span class=\"has-inline-color has-nv-c-1-color\"><\/span><\/a>. <\/p>\n\n\n\n<p class=\"has-neve-text-color-color has-text-color\">Dodatkowo, bazuj\u0105c na wiedzy oraz wieloletnim do\u015bwiadczeniu:<\/p>\n\n\n\n<ul class=\"has-neve-text-color-color has-text-color wp-block-list\"><li>wykonujemy projekty elektryczne instalacji fotowoltaicznych<\/li><li>dostarczamy i wykonujemy monta\u017c instalacji fotowoltaicznych<\/li><li>opracowujemy dokumentacj\u0119 przy\u0142\u0105czeniow\u0105<\/li><li>przygotowujemy dokumentacj\u0119 powykonawcz\u0105<\/li><\/ul>\n\n\n\n<div style=\"height:20px\" aria-hidden=\"true\" class=\"wp-block-spacer\"><\/div>\n\n\n\n<div class=\"wp-block-buttons is-content-justification-left is-layout-flex wp-block-buttons-is-layout-flex\">\n<div class=\"wp-block-button is-style-primary\"><a class=\"wp-block-button__link has-nv-site-bg-color has-neve-text-color-background-color has-text-color has-background\" href=\"index.php\/estgroup-contact-us\/\" style=\"border-radius:5px\">KONTAKT<\/a><\/div>\n\n\n\n<div class=\"wp-block-button is-style-primary\"><a class=\"wp-block-button__link has-nv-text-dark-bg-color has-neve-text-color-background-color has-text-color has-background\" href=\"http:\/\/estgroup.pl\/index.php\/zabezpieczenie-pv-fotowoltaiczne-ppoz\/\" style=\"border-radius:5px\">Wy\u0142\u0105cznik PV PPO\u017b<\/a><\/div>\n<\/div>\n<\/div>\n<\/div>\n<\/div><\/div>\n<\/div><\/div>\n\n\n\n<div style=\"height:40px\" aria-hidden=\"true\" class=\"wp-block-spacer\"><\/div>\n\n\n\n<div class=\"wp-block-cover aligncenter has-neve-link-color-background-color has-background-dim\" style=\"min-height:800px;aspect-ratio:unset;\"><div class=\"wp-block-cover__inner-container is-layout-flow wp-block-cover-is-layout-flow\">\n<div class=\"wp-block-group\"><div class=\"wp-block-group__inner-container is-layout-flow wp-block-group-is-layout-flow\">\n<h2 class=\"has-neve-text-color-color has-text-color wp-block-heading\">PRZYK\u0141ADY REALIZACJI<\/h2>\n\n\n\n<div style=\"height:20px\" aria-hidden=\"true\" class=\"wp-block-spacer\"><\/div>\n\n\n\n<div class=\"wp-block-columns are-vertically-aligned-center has-neve-link-color-color has-text-color is-layout-flex wp-container-core-columns-is-layout-9d6595d7 wp-block-columns-is-layout-flex\">\n<div class=\"wp-block-column is-vertically-aligned-center is-layout-flow wp-block-column-is-layout-flow\" style=\"flex-basis:50%\">\n<div class=\"wp-block-image is-style-rounded\"><figure class=\"aligncenter size-full is-resized\"><img loading=\"lazy\" decoding=\"async\" src=\"https:\/\/estgroup.pl\/wp-content\/uploads\/2021\/02\/IMAG0704-scaled.jpg\" alt=\"estgroup-fotowoltaika-falownik\" class=\"wp-image-399\" width=\"458\" height=\"615\"\/><figcaption>badania i uruchomienie instalacji fotowoltaicznej <br>o mocy zainstalowanej ~800 kWp<\/figcaption><\/figure><\/div>\n<\/div>\n\n\n\n<div class=\"wp-block-column is-vertically-aligned-center is-layout-flow wp-block-column-is-layout-flow\" style=\"flex-basis:50%\">\n<figure class=\"wp-block-image size-large is-style-rounded\"><img loading=\"lazy\" decoding=\"async\" width=\"1024\" height=\"814\" src=\"http:\/\/estgroup.pl\/wp-content\/uploads\/2021\/07\/kpl_1string-1024x814.png\" alt=\"\" class=\"wp-image-827\" srcset=\"https:\/\/estgroup.pl\/wp-content\/uploads\/2021\/07\/kpl_1string-1024x814.png 1024w, https:\/\/estgroup.pl\/wp-content\/uploads\/2021\/07\/kpl_1string-300x238.png 300w, https:\/\/estgroup.pl\/wp-content\/uploads\/2021\/07\/kpl_1string-768x610.png 768w, https:\/\/estgroup.pl\/wp-content\/uploads\/2021\/07\/kpl_1string-1536x1221.png 1536w, https:\/\/estgroup.pl\/wp-content\/uploads\/2021\/07\/kpl_1string-2048x1628.png 2048w\" sizes=\"auto, (max-width: 1024px) 100vw, 1024px\" \/><figcaption>przeciwpo\u017carowy wy\u0142\u0105cznik bezpiecze\u0144stwa FPS1000<\/figcaption><\/figure>\n\n\n\n<div style=\"height:40px\" aria-hidden=\"true\" class=\"wp-block-spacer\"><\/div>\n<\/div>\n<\/div>\n\n\n\n<p><\/p>\n<\/div><\/div>\n<\/div><\/div>\n\n\n\n<div style=\"height:40px\" aria-hidden=\"true\" class=\"wp-block-spacer\"><\/div>\n\n\n\n<div class=\"wp-block-cover aligncenter has-neve-link-color-background-color has-background-dim\" style=\"min-height:300px;aspect-ratio:unset;\"><div class=\"wp-block-cover__inner-container is-layout-flow wp-block-cover-is-layout-flow\">\n<h2 class=\"has-text-align-center has-neve-text-color-color has-text-color wp-block-heading\">Chcesz porozmawia\u0107 o mo\u017cliwo\u015bci wykonania lub usprawnienia Twojego projektu fotowoltaiki? <\/h2>\n\n\n\n<p class=\"has-text-align-center has-medium-font-size\"><\/p>\n\n\n\n<div class=\"wp-block-buttons is-content-justification-center is-layout-flex wp-block-buttons-is-layout-flex\">\n<div class=\"wp-block-button is-style-default\"><a class=\"wp-block-button__link has-nv-site-bg-color has-neve-text-color-background-color has-text-color has-background\" href=\"index.php\/estgroup-contact-us\/\" style=\"border-radius:5px\">SKONTAKTUJ SI\u0118 Z NAMI<\/a><\/div>\n<\/div>\n<\/div><\/div>\n\n\n\n<p><\/p>\n","protected":false},"excerpt":{"rendered":"","protected":false},"author":1,"featured_media":0,"parent":0,"menu_order":0,"comment_status":"closed","ping_status":"closed","template":"","meta":{"neve_meta_sidebar":"full-width","neve_meta_container":"","neve_meta_enable_content_width":"on","neve_meta_content_width":100,"neve_meta_title_alignment":"","neve_meta_author_avatar":"","neve_post_elements_order":"","neve_meta_disable_header":"","neve_meta_disable_footer":"","neve_meta_disable_title":"","_ti_tpc_template_sync":false,"_ti_tpc_template_id":"","footnotes":""},"class_list":["post-396","page","type-page","status-publish","hentry"],"yoast_head":"<!-- This site is optimized with the Yoast SEO plugin v27.3 - https:\/\/yoast.com\/product\/yoast-seo-wordpress\/ -->\n<title>FOTOWOLTAIKA - EST GROUP Sp. z o.o. | Sterowniki Elektroniczne | Fotowoltaika PPO\u017b<\/title>\n<meta name=\"description\" content=\"Fotowoltaika w projektach, zabezpieczenia PPO\u017b, fotowoltaiczne wy\u0142\u0105czniki po\u017carowe\" \/>\n<meta name=\"robots\" content=\"index, follow, max-snippet:-1, max-image-preview:large, max-video-preview:-1\" \/>\n<link rel=\"canonical\" href=\"https:\/\/estgroup.pl\/index.php\/fotowoltaika\/\" \/>\n<meta property=\"og:locale\" content=\"pl_PL\" \/>\n<meta property=\"og:type\" content=\"article\" \/>\n<meta property=\"og:title\" content=\"FOTOWOLTAIKA - EST GROUP Sp. z o.o. | Sterowniki Elektroniczne | Fotowoltaika PPO\u017b\" \/>\n<meta property=\"og:description\" content=\"Fotowoltaika w projektach, zabezpieczenia PPO\u017b, fotowoltaiczne wy\u0142\u0105czniki po\u017carowe\" \/>\n<meta property=\"og:url\" content=\"https:\/\/estgroup.pl\/index.php\/fotowoltaika\/\" \/>\n<meta property=\"og:site_name\" content=\"EST GROUP Sp. z o.o. | Sterowniki Elektroniczne | Fotowoltaika PPO\u017b\" \/>\n<meta property=\"article:modified_time\" content=\"2021-07-03T19:31:09+00:00\" \/>\n<meta property=\"og:image\" content=\"https:\/\/estgroup.pl\/wp-content\/uploads\/2021\/02\/full-header-1.jpg\" \/>\n<meta name=\"twitter:card\" content=\"summary_large_image\" \/>\n<meta name=\"twitter:label1\" content=\"Szacowany czas czytania\" \/>\n\t<meta name=\"twitter:data1\" content=\"1 minuta\" \/>\n<script type=\"application\/ld+json\" class=\"yoast-schema-graph\">{\"@context\":\"https:\\\/\\\/schema.org\",\"@graph\":[{\"@type\":\"WebPage\",\"@id\":\"https:\\\/\\\/estgroup.pl\\\/index.php\\\/fotowoltaika\\\/\",\"url\":\"https:\\\/\\\/estgroup.pl\\\/index.php\\\/fotowoltaika\\\/\",\"name\":\"FOTOWOLTAIKA - EST GROUP Sp. z o.o. | Sterowniki Elektroniczne | Fotowoltaika PPO\u017b\",\"isPartOf\":{\"@id\":\"https:\\\/\\\/estgroup.pl\\\/#website\"},\"primaryImageOfPage\":{\"@id\":\"https:\\\/\\\/estgroup.pl\\\/index.php\\\/fotowoltaika\\\/#primaryimage\"},\"image\":{\"@id\":\"https:\\\/\\\/estgroup.pl\\\/index.php\\\/fotowoltaika\\\/#primaryimage\"},\"thumbnailUrl\":\"https:\\\/\\\/estgroup.pl\\\/wp-content\\\/uploads\\\/2021\\\/02\\\/full-header-1.jpg\",\"datePublished\":\"2021-02-16T11:37:34+00:00\",\"dateModified\":\"2021-07-03T19:31:09+00:00\",\"description\":\"Fotowoltaika w projektach, zabezpieczenia PPO\u017b, fotowoltaiczne wy\u0142\u0105czniki po\u017carowe\",\"breadcrumb\":{\"@id\":\"https:\\\/\\\/estgroup.pl\\\/index.php\\\/fotowoltaika\\\/#breadcrumb\"},\"inLanguage\":\"pl-PL\",\"potentialAction\":[{\"@type\":\"ReadAction\",\"target\":[\"https:\\\/\\\/estgroup.pl\\\/index.php\\\/fotowoltaika\\\/\"]}]},{\"@type\":\"ImageObject\",\"inLanguage\":\"pl-PL\",\"@id\":\"https:\\\/\\\/estgroup.pl\\\/index.php\\\/fotowoltaika\\\/#primaryimage\",\"url\":\"https:\\\/\\\/estgroup.pl\\\/wp-content\\\/uploads\\\/2021\\\/02\\\/full-header-1.jpg\",\"contentUrl\":\"https:\\\/\\\/estgroup.pl\\\/wp-content\\\/uploads\\\/2021\\\/02\\\/full-header-1.jpg\"},{\"@type\":\"BreadcrumbList\",\"@id\":\"https:\\\/\\\/estgroup.pl\\\/index.php\\\/fotowoltaika\\\/#breadcrumb\",\"itemListElement\":[{\"@type\":\"ListItem\",\"position\":1,\"name\":\"Strona g\u0142\u00f3wna\",\"item\":\"https:\\\/\\\/estgroup.pl\\\/\"},{\"@type\":\"ListItem\",\"position\":2,\"name\":\"FOTOWOLTAIKA\"}]},{\"@type\":\"WebSite\",\"@id\":\"https:\\\/\\\/estgroup.pl\\\/#website\",\"url\":\"https:\\\/\\\/estgroup.pl\\\/\",\"name\":\"EST GROUP Sp. z o.o. | Sterowniki Elektroniczne | Fotowoltaika\",\"description\":\"EST GROUP Sp. z o.o. | Sterowniki Elektroniczne | Fotowoltaika PPO\u017b\",\"publisher\":{\"@id\":\"https:\\\/\\\/estgroup.pl\\\/#organization\"},\"potentialAction\":[{\"@type\":\"SearchAction\",\"target\":{\"@type\":\"EntryPoint\",\"urlTemplate\":\"https:\\\/\\\/estgroup.pl\\\/?s={search_term_string}\"},\"query-input\":{\"@type\":\"PropertyValueSpecification\",\"valueRequired\":true,\"valueName\":\"search_term_string\"}}],\"inLanguage\":\"pl-PL\"},{\"@type\":\"Organization\",\"@id\":\"https:\\\/\\\/estgroup.pl\\\/#organization\",\"name\":\"EST GROUP Sp. z o.o.\",\"url\":\"https:\\\/\\\/estgroup.pl\\\/\",\"logo\":{\"@type\":\"ImageObject\",\"inLanguage\":\"pl-PL\",\"@id\":\"https:\\\/\\\/estgroup.pl\\\/#\\\/schema\\\/logo\\\/image\\\/\",\"url\":\"https:\\\/\\\/estgroup.pl\\\/wp-content\\\/uploads\\\/2021\\\/02\\\/est.png\",\"contentUrl\":\"https:\\\/\\\/estgroup.pl\\\/wp-content\\\/uploads\\\/2021\\\/02\\\/est.png\",\"width\":297,\"height\":297,\"caption\":\"EST GROUP Sp. z o.o.\"},\"image\":{\"@id\":\"https:\\\/\\\/estgroup.pl\\\/#\\\/schema\\\/logo\\\/image\\\/\"},\"sameAs\":[\"https:\\\/\\\/www.linkedin.com\\\/company\\\/est-engineering-group\"]}]}<\/script>\n<!-- \/ Yoast SEO plugin. -->","yoast_head_json":{"title":"FOTOWOLTAIKA - EST GROUP Sp. z o.o. | Sterowniki Elektroniczne | Fotowoltaika PPO\u017b","description":"Fotowoltaika w projektach, zabezpieczenia PPO\u017b, fotowoltaiczne wy\u0142\u0105czniki po\u017carowe","robots":{"index":"index","follow":"follow","max-snippet":"max-snippet:-1","max-image-preview":"max-image-preview:large","max-video-preview":"max-video-preview:-1"},"canonical":"https:\/\/estgroup.pl\/index.php\/fotowoltaika\/","og_locale":"pl_PL","og_type":"article","og_title":"FOTOWOLTAIKA - EST GROUP Sp. z o.o. | Sterowniki Elektroniczne | Fotowoltaika PPO\u017b","og_description":"Fotowoltaika w projektach, zabezpieczenia PPO\u017b, fotowoltaiczne wy\u0142\u0105czniki po\u017carowe","og_url":"https:\/\/estgroup.pl\/index.php\/fotowoltaika\/","og_site_name":"EST GROUP Sp. z o.o. | Sterowniki Elektroniczne | Fotowoltaika PPO\u017b","article_modified_time":"2021-07-03T19:31:09+00:00","og_image":[{"url":"https:\/\/estgroup.pl\/wp-content\/uploads\/2021\/02\/full-header-1.jpg","type":"","width":"","height":""}],"twitter_card":"summary_large_image","twitter_misc":{"Szacowany czas czytania":"1 minuta"},"schema":{"@context":"https:\/\/schema.org","@graph":[{"@type":"WebPage","@id":"https:\/\/estgroup.pl\/index.php\/fotowoltaika\/","url":"https:\/\/estgroup.pl\/index.php\/fotowoltaika\/","name":"FOTOWOLTAIKA - EST GROUP Sp. z o.o. | Sterowniki Elektroniczne | Fotowoltaika PPO\u017b","isPartOf":{"@id":"https:\/\/estgroup.pl\/#website"},"primaryImageOfPage":{"@id":"https:\/\/estgroup.pl\/index.php\/fotowoltaika\/#primaryimage"},"image":{"@id":"https:\/\/estgroup.pl\/index.php\/fotowoltaika\/#primaryimage"},"thumbnailUrl":"https:\/\/estgroup.pl\/wp-content\/uploads\/2021\/02\/full-header-1.jpg","datePublished":"2021-02-16T11:37:34+00:00","dateModified":"2021-07-03T19:31:09+00:00","description":"Fotowoltaika w projektach, zabezpieczenia PPO\u017b, fotowoltaiczne wy\u0142\u0105czniki po\u017carowe","breadcrumb":{"@id":"https:\/\/estgroup.pl\/index.php\/fotowoltaika\/#breadcrumb"},"inLanguage":"pl-PL","potentialAction":[{"@type":"ReadAction","target":["https:\/\/estgroup.pl\/index.php\/fotowoltaika\/"]}]},{"@type":"ImageObject","inLanguage":"pl-PL","@id":"https:\/\/estgroup.pl\/index.php\/fotowoltaika\/#primaryimage","url":"https:\/\/estgroup.pl\/wp-content\/uploads\/2021\/02\/full-header-1.jpg","contentUrl":"https:\/\/estgroup.pl\/wp-content\/uploads\/2021\/02\/full-header-1.jpg"},{"@type":"BreadcrumbList","@id":"https:\/\/estgroup.pl\/index.php\/fotowoltaika\/#breadcrumb","itemListElement":[{"@type":"ListItem","position":1,"name":"Strona g\u0142\u00f3wna","item":"https:\/\/estgroup.pl\/"},{"@type":"ListItem","position":2,"name":"FOTOWOLTAIKA"}]},{"@type":"WebSite","@id":"https:\/\/estgroup.pl\/#website","url":"https:\/\/estgroup.pl\/","name":"EST GROUP Sp. z o.o. | Sterowniki Elektroniczne | Fotowoltaika","description":"EST GROUP Sp. z o.o. | Sterowniki Elektroniczne | Fotowoltaika PPO\u017b","publisher":{"@id":"https:\/\/estgroup.pl\/#organization"},"potentialAction":[{"@type":"SearchAction","target":{"@type":"EntryPoint","urlTemplate":"https:\/\/estgroup.pl\/?s={search_term_string}"},"query-input":{"@type":"PropertyValueSpecification","valueRequired":true,"valueName":"search_term_string"}}],"inLanguage":"pl-PL"},{"@type":"Organization","@id":"https:\/\/estgroup.pl\/#organization","name":"EST GROUP Sp. z o.o.","url":"https:\/\/estgroup.pl\/","logo":{"@type":"ImageObject","inLanguage":"pl-PL","@id":"https:\/\/estgroup.pl\/#\/schema\/logo\/image\/","url":"https:\/\/estgroup.pl\/wp-content\/uploads\/2021\/02\/est.png","contentUrl":"https:\/\/estgroup.pl\/wp-content\/uploads\/2021\/02\/est.png","width":297,"height":297,"caption":"EST GROUP Sp. z o.o."},"image":{"@id":"https:\/\/estgroup.pl\/#\/schema\/logo\/image\/"},"sameAs":["https:\/\/www.linkedin.com\/company\/est-engineering-group"]}]}},"uagb_featured_image_src":{"full":false,"thumbnail":false,"medium":false,"medium_large":false,"large":false,"1536x1536":false,"2048x2048":false,"neve-blog":false},"uagb_author_info":{"display_name":"admin","author_link":"https:\/\/estgroup.pl\/index.php\/author\/admin\/"},"uagb_comment_info":0,"uagb_excerpt":null,"_links":{"self":[{"href":"https:\/\/estgroup.pl\/index.php\/wp-json\/wp\/v2\/pages\/396","targetHints":{"allow":["GET"]}}],"collection":[{"href":"https:\/\/estgroup.pl\/index.php\/wp-json\/wp\/v2\/pages"}],"about":[{"href":"https:\/\/estgroup.pl\/index.php\/wp-json\/wp\/v2\/types\/page"}],"author":[{"embeddable":true,"href":"https:\/\/estgroup.pl\/index.php\/wp-json\/wp\/v2\/users\/1"}],"replies":[{"embeddable":true,"href":"https:\/\/estgroup.pl\/index.php\/wp-json\/wp\/v2\/comments?post=396"}],"version-history":[{"count":39,"href":"https:\/\/estgroup.pl\/index.php\/wp-json\/wp\/v2\/pages\/396\/revisions"}],"predecessor-version":[{"id":979,"href":"https:\/\/estgroup.pl\/index.php\/wp-json\/wp\/v2\/pages\/396\/revisions\/979"}],"wp:attachment":[{"href":"https:\/\/estgroup.pl\/index.php\/wp-json\/wp\/v2\/media?parent=396"}],"curies":[{"name":"wp","href":"https:\/\/api.w.org\/{rel}","templated":true}]}}