{"id":579,"date":"2021-02-18T09:53:13","date_gmt":"2021-02-18T09:53:13","guid":{"rendered":"https:\/\/estgroup.pl\/?page_id=579"},"modified":"2023-02-20T15:48:37","modified_gmt":"2023-02-20T15:48:37","slug":"zabezpieczenie-pv-fotowoltaiczne-ppoz","status":"publish","type":"page","link":"https:\/\/estgroup.pl\/index.php\/zabezpieczenie-pv-fotowoltaiczne-ppoz\/","title":{"rendered":"Przeciwpo\u017carowy wy\u0142\u0105cznik bezpiecze\u0144stwa FPS1000"},"content":{"rendered":"\n<div class=\"wp-block-columns is-layout-flex wp-container-core-columns-is-layout-9d6595d7 wp-block-columns-is-layout-flex\">\n<div class=\"wp-block-column is-vertically-aligned-top is-layout-flow wp-block-column-is-layout-flow\" style=\"flex-basis:100%\">\n<div class=\"wp-block-cover\" style=\"min-height:734px;aspect-ratio:unset;\"><span aria-hidden=\"true\" class=\"wp-block-cover__background has-neve-link-color-background-color has-background-dim-100 has-background-dim\"><\/span><div class=\"wp-block-cover__inner-container is-layout-flow wp-block-cover-is-layout-flow\">\n<div class=\"wp-block-columns is-layout-flex wp-container-core-columns-is-layout-9d6595d7 wp-block-columns-is-layout-flex\">\n<div class=\"wp-block-column is-layout-flow wp-block-column-is-layout-flow\" style=\"flex-basis:50%\">\n<figure class=\"wp-block-image size-large is-style-default\"><img loading=\"lazy\" decoding=\"async\" width=\"1024\" height=\"814\" src=\"http:\/\/estgroup.pl\/wp-content\/uploads\/2021\/07\/kpl_1str-1024x814.png\" alt=\"\" class=\"wp-image-953\" srcset=\"https:\/\/estgroup.pl\/wp-content\/uploads\/2021\/07\/kpl_1str-1024x814.png 1024w, https:\/\/estgroup.pl\/wp-content\/uploads\/2021\/07\/kpl_1str-300x238.png 300w, https:\/\/estgroup.pl\/wp-content\/uploads\/2021\/07\/kpl_1str-768x610.png 768w, https:\/\/estgroup.pl\/wp-content\/uploads\/2021\/07\/kpl_1str-1536x1221.png 1536w, https:\/\/estgroup.pl\/wp-content\/uploads\/2021\/07\/kpl_1str-2048x1628.png 2048w\" sizes=\"auto, (max-width: 1024px) 100vw, 1024px\" \/><\/figure>\n<\/div>\n\n\n\n<div class=\"wp-block-column is-layout-flow wp-block-column-is-layout-flow\" style=\"flex-basis:50%\">\n<h4 class=\"has-neve-text-color-color has-text-color wp-block-heading\"><strong><span class=\"has-inline-color has-neve-text-color-color\">Przeciwpo\u017carowy wy\u0142\u0105cznik bezpiecze\u0144stwa FPS1000<\/span><\/strong><\/h4>\n\n\n\n<p class=\"has-text-align-left has-neve-text-color-color has-text-color\">Przeciwpo\u017carowa ochrona instalacji fotowoltaicznych jest bardzo wa\u017cnym zagadnieniem. Wysokie napi\u0119cie instalacji fotowoltaicznych jest szczeg\u00f3lnie niebezpieczne w przypadku akcji ga\u015bniczych stra\u017cy po\u017carnej. Rozpocz\u0119cie dzia\u0142a\u0144 stra\u017cy po\u017carnej w budynku wi\u0105\u017ce si\u0119 z wy\u0142\u0105czeniem napi\u0119cia AC. Urz\u0105dzenie serii FPS1000 jest autonomicznym, modu\u0142owym, wielo\u0142a\u0144cuchowym roz\u0142\u0105cznikiem napi\u0119cia DC instalacji fotowoltaicznych. U\u017cycie przez stra\u017caka Przeciwpo\u017carowego Wy\u0142\u0105cznika Pr\u0105du w budynku powoduje wy\u0142\u0105czenie napi\u0119cia AC, roz\u0142\u0105cznik FPS1000 wykrywa zanik napi\u0119cia sieci i automatycznie od\u0142\u0105cza napi\u0119cie sta\u0142e paneli fotowoltaicznych od falownika. Roz\u0142\u0105czenie odbywa si\u0119 w module wykonawczym FPS1000-S dzi\u0119ki czemu napi\u0119cie przerwane zostaje ju\u017c na dachu i nie wchodzi do budynku co znacznie zwi\u0119ksza bezpiecze\u0144stwo pracy ekip gasz\u0105cych.<\/p>\n<\/div>\n<\/div>\n\n\n\n<p class=\"has-text-align-center has-neve-text-color-color has-text-color has-medium-font-size\"><strong>Materia\u0142y do pobrania:<\/strong><\/p>\n\n\n\n<div class=\"wp-block-buttons alignwide is-horizontal is-content-justification-center is-layout-flex wp-container-core-buttons-is-layout-499968f5 wp-block-buttons-is-layout-flex\">\n<div class=\"wp-block-button\"><a class=\"wp-block-button__link wp-element-button\" href=\"http:\/\/estgroup.pl\/wp-content\/uploads\/2023\/02\/system_FPS1000_instrukcja_2023.pdf\" target=\"_blank\" rel=\"noreferrer noopener\">Instrukcja obs\u0142ugi i monta\u017cu<\/a><\/div>\n\n\n\n<div class=\"wp-block-button\"><a class=\"wp-block-button__link wp-element-button\" href=\"http:\/\/estgroup.pl\/wp-content\/uploads\/2023\/02\/system_FPS1000_schemat_2023.pdf\">Schemat pod\u0142\u0105czenia<\/a><\/div>\n\n\n\n<div class=\"wp-block-button\"><a class=\"wp-block-button__link wp-element-button\" href=\"http:\/\/estgroup.pl\/wp-content\/uploads\/2021\/07\/ulotka_fps1000-1.pdf\" target=\"_blank\" rel=\"noreferrer noopener\">Ulotka informacyjna<\/a><\/div>\n\n\n\n<div class=\"wp-block-button is-style-default\"><a class=\"wp-block-button__link wp-element-button\" href=\"http:\/\/estgroup.pl\/wp-content\/uploads\/2023\/02\/system_FPS1000_karta_katalogowa_2023.pdf\" target=\"_blank\" rel=\"noreferrer noopener\">Karta katalogowa<\/a><\/div>\n<\/div>\n\n\n\n<p class=\"has-text-align-center has-neve-text-color-color has-text-color has-medium-font-size\"><strong>Zakupy on-line:<\/strong><\/p>\n\n\n\n<div class=\"wp-block-buttons is-horizontal is-content-justification-center is-layout-flex wp-container-core-buttons-is-layout-499968f5 wp-block-buttons-is-layout-flex\">\n<div class=\"wp-block-button\"><a class=\"wp-block-button__link wp-element-button\" href=\"https:\/\/allegro.pl\/uzytkownik\/EST_GROUP\" target=\"_blank\" rel=\"noreferrer noopener\">Kup teraz<\/a><\/div>\n<\/div>\n<\/div><\/div>\n<\/div>\n<\/div>\n\n\n\n<div style=\"height:20px\" aria-hidden=\"true\" class=\"wp-block-spacer\"><\/div>\n\n\n\n<div class=\"wp-block-cover\" style=\"min-height:654px;aspect-ratio:unset;\"><span aria-hidden=\"true\" class=\"wp-block-cover__background has-neve-link-color-background-color has-background-dim-100 has-background-dim\"><\/span><div class=\"wp-block-cover__inner-container is-layout-flow wp-block-cover-is-layout-flow\">\n<div class=\"wp-block-columns is-layout-flex wp-container-core-columns-is-layout-9d6595d7 wp-block-columns-is-layout-flex\">\n<div class=\"wp-block-column is-vertically-aligned-center is-layout-flow wp-block-column-is-layout-flow\" style=\"flex-basis:50%\"><div class=\"wp-block-image\">\n<figure class=\"aligncenter size-large is-resized\"><img loading=\"lazy\" decoding=\"async\" src=\"http:\/\/estgroup.pl\/wp-content\/uploads\/2021\/07\/master_bg.png\" alt=\"\" class=\"wp-image-956\" width=\"396\" height=\"442\"\/><figcaption class=\"wp-element-caption\">modu\u0142 steruj\u0105cy FPS1000-M<\/figcaption><\/figure>\n<\/div><\/div>\n\n\n\n<div class=\"wp-block-column is-layout-flow wp-block-column-is-layout-flow\" style=\"flex-basis:50%\">\n<p class=\"has-neve-text-color-color has-text-color\" id=\"92070816\"><strong>Jaki jest cel ochrony przeciwpo\u017carowej (PPO\u017b) instalacji fotowoltaicznej?<\/strong><\/p>\n\n\n\n<p class=\"has-neve-text-color-color has-text-color\" id=\"92070816\">W przypadku po\u017caru ekipy ga\u015bnicze mog\u0105 by\u0107 nara\u017cone na powa\u017cne zagro\u017cenia w zwi\u0105zku z pr\u0105dem sta\u0142ym p\u0142yn\u0105cym na odcinku od&nbsp;paneli&nbsp;do&nbsp;falownika. Nawet po wy\u0142\u0105czeniu prze\u0142\u0105cznika pr\u0105du sta\u0142ego na falowniku, mi\u0119dzy falownikiem a panelami, zagro\u017cenie dla ekipy ga\u015bniczej nie maleje, poniewa\u017c w okablowaniu mi\u0119dzy instalacj\u0105 fotowoltaiczn\u0105 a falownikiem, nadal wyst\u0119puje bardzo wysokie napi\u0119cie DC (nawet do 1kV). <\/p>\n\n\n\n<p><mark style=\"background-color:rgba(0, 0, 0, 0)\" class=\"has-inline-color has-neve-text-color-color\">19 wrze\u015bnia 2020 wesz\u0142o w \u017cycie rozporz\u0105dzenie, na mocy kt\u00f3rego ka\u017cdy projekt instalacji powy\u017cej 6,5 kW musi by\u0107 uzgodniony z rzeczoznawc\u0105 do spraw przeciwpo\u017carowych, co tylko potwierdza istot\u0119 bezpiecze\u0144stwa instalacji fotowoltaicznych.<\/mark><\/p>\n\n\n\n<p class=\"has-neve-text-color-color has-text-color\" id=\"92070816\">Rozwi\u0105zaniem tego problemu jest fotowoltaiczny przeciwpo\u017carowy wy\u0142\u0105cznik bezpiecze\u0144stwa serii<span class=\"has-inline-color has-neve-text-color-color\"> FPS1000,<\/span> kt\u00f3ry przeznaczony jest do bezpiecznego i natychmiastowego roz\u0142\u0105czenia zasilania w instalacjach fotowoltaicznych w przypadku awarii i\/lub po\u017caru.&nbsp;Fotowoltaicz<span class=\"has-inline-color has-neve-text-color-color\">ne wy\u0142\u0105czniki PV PPO\u017b  serii FPS1000&nbsp;<\/span>dedykowane s\u0105 do zabezpieczania instalacji zar\u00f3wno jedno-stringowych jak i wielo-stringowych <span class=\"has-inline-color has-neve-text-color-color\">(jeden modu\u0142 FPS1000-M mo\u017ce wysterowa\u0107 do 10 modu\u0142\u00f3w wykonawczych (stringowych) FPS1000-S )<\/span><\/p>\n<\/div>\n<\/div>\n<\/div><\/div>\n\n\n\n<div style=\"height:40px\" aria-hidden=\"true\" class=\"wp-block-spacer\"><\/div>\n\n\n\n<div class=\"wp-block-cover\" style=\"min-height:654px;aspect-ratio:unset;\"><span aria-hidden=\"true\" class=\"wp-block-cover__background has-neve-link-color-background-color has-background-dim-100 has-background-dim\"><\/span><div class=\"wp-block-cover__inner-container is-layout-flow wp-block-cover-is-layout-flow\">\n<div class=\"wp-block-columns is-layout-flex wp-container-core-columns-is-layout-9d6595d7 wp-block-columns-is-layout-flex\">\n<div class=\"wp-block-column is-vertically-aligned-center is-layout-flow wp-block-column-is-layout-flow\" style=\"flex-basis:50%\"><div class=\"wp-block-image is-style-default\">\n<figure class=\"aligncenter size-large is-resized\"><img loading=\"lazy\" decoding=\"async\" src=\"http:\/\/estgroup.pl\/wp-content\/uploads\/2021\/07\/sp_bg.png\" alt=\"modul-wykonawczy-przelotowy\" class=\"wp-image-958\" width=\"306\" height=\"423\" srcset=\"https:\/\/estgroup.pl\/wp-content\/uploads\/2021\/07\/sp_bg.png 721w, https:\/\/estgroup.pl\/wp-content\/uploads\/2021\/07\/sp_bg-216x300.png 216w\" sizes=\"auto, (max-width: 306px) 100vw, 306px\" \/><figcaption class=\"wp-element-caption\">modu\u0142 wykonawczy przelotowy FPS1000-SP<\/figcaption><\/figure>\n<\/div>\n\n<div class=\"wp-block-image is-style-default\">\n<figure class=\"aligncenter size-large is-resized\"><img decoding=\"async\" src=\"http:\/\/estgroup.pl\/wp-content\/uploads\/2021\/07\/sk_bg.png\" alt=\"modul-wykonawczy-koncowy\" class=\"wp-image-957\" width=\"306\" srcset=\"https:\/\/estgroup.pl\/wp-content\/uploads\/2021\/07\/sk_bg.png 721w, https:\/\/estgroup.pl\/wp-content\/uploads\/2021\/07\/sk_bg-216x300.png 216w\" sizes=\"(max-width: 721px) 100vw, 721px\" \/><figcaption class=\"wp-element-caption\">modu\u0142 wykonawczy ko\u0144cowy FPS1000-SK<\/figcaption><\/figure>\n<\/div><\/div>\n\n\n\n<div class=\"wp-block-column is-layout-flow wp-block-column-is-layout-flow\" style=\"flex-basis:50%\">\n<h4 class=\"has-neve-text-color-color has-text-color wp-block-heading\" id=\"92070816\"><strong>Jak dzia\u0142a wy\u0142\u0105cznik FPS1000?<\/strong><\/h4>\n\n\n\n<p class=\"has-neve-text-color-color has-text-color\" id=\"92070816\">Do uruchomienia systemu fotowoltaicznego z wy\u0142\u0105cznikiem FPS1000 konieczne jest posiadanie przynajmniej 2 urz\u0105dze\u0144:<\/p>\n\n\n\n<p class=\"has-neve-text-color-color has-text-color\">1) modu\u0142u FPS1000-M<br>2) modu\u0142u FPS1000-S (ko\u0144cowy lub przelotowy)<\/p>\n\n\n\n<p class=\"has-neve-text-color-color has-text-color\" id=\"92070816\">Modu\u0142 FPS-1000M jest modu\u0142em steruj\u0105cym, montowanym w pomieszczeniu, zwykle razem z falownikiem np. w gara\u017cu, piwnicy, pomieszczeniu rozdzielni. Modu\u0142 ten jest \u0142\u0105czony z rozdzielni\u0105 elektryczn\u0105, kt\u00f3ra, w przypadku awaryjnego wy\u0142\u0105czenia po\u017carowego, na pewno nie b\u0119dzie zasilana.<\/p>\n\n\n\n<p class=\"has-neve-text-color-color has-text-color\">Takie po\u0142\u0105czenie gwarantuje, \u017ce z kolei drugie z urz\u0105dze\u0144 tj. modu\u0142 FPS-1000S, kt\u00f3re jest z kolei montowane jak najbli\u017cej \u0142a\u0144cucha modu\u0142\u00f3w fotowoltaicznych (najlepiej na konstrukcji pod modu\u0142ami \u0142a\u0144cucha) b\u0119dzie dzia\u0142a\u0142o prawid\u0142owo i uniemo\u017cliwi wyst\u0119powanie niebezpiecznego napi\u0119cia DC na przewodach, na drodze modu\u0142y fotowoltaiczne &#8211; falownik.  <\/p>\n\n\n\n<h4 class=\"has-neve-text-color-color has-text-color wp-block-heading\">Kiedy stosujemy fotowoltaiczne modu\u0142y wykonawcze wy\u0142\u0105cznika po\u017carowego FPS1000-S przelotowy i ko\u0144cowy? <\/h4>\n\n\n\n<p class=\"has-neve-text-color-color has-text-color\">W celu redukcji okablowania, w przypadku wyst\u0119powania wi\u0119cej ni\u017c 1 \u0142a\u0144cucha modu\u0142\u00f3w fotowoltaicznych, przewidziano zastosowanie przelotowych modu\u0142\u00f3w FPS1000-S. Przy ich zastosowaniu mo\u017cliwe jest takie wykonanie instalacji steruj\u0105cej aby okablowanie wchodzi\u0142o do modu\u0142u z jednej strony a wychodzi\u0142o dalej z drugiej strony. Modu\u0142 ko\u0144cowy, umo\u017cliwia zako\u0144czenie instalacji poprzez do\u0142\u0105czenie modu\u0142u FPS1000-S ko\u0144cowego. Modu\u0142 ten ma jedynie wej\u015bcie na kabel steruj\u0105cy (brak wyj\u015bcia)  w celu zachowania odpowiedniego IP ca\u0142ej instalacji.<\/p>\n\n\n\n<p class=\"has-neve-text-color-color has-text-color\">W przypadku stosowania tylko jednego modu\u0142u wykonawczego, nale\u017cy wybra\u0107 modu\u0142 FPS1000-M + FPS1000-S ko\u0144cowy.<\/p>\n\n\n\n<p class=\"has-neve-text-color-color has-text-color\">Modu\u0142 FPS1000-M mo\u017ce wysterowa\u0107 do 10 modu\u0142\u00f3w wykonawczych FPS1000-S (ko\u0144cowy\/przelotowy)<\/p>\n<\/div>\n<\/div>\n<\/div><\/div>\n\n\n\n<p><\/p>\n","protected":false},"excerpt":{"rendered":"","protected":false},"author":1,"featured_media":0,"parent":0,"menu_order":0,"comment_status":"closed","ping_status":"closed","template":"","meta":{"neve_meta_sidebar":"full-width","neve_meta_container":"","neve_meta_enable_content_width":"on","neve_meta_content_width":100,"neve_meta_title_alignment":"","neve_meta_author_avatar":"","neve_post_elements_order":"","neve_meta_disable_header":"","neve_meta_disable_footer":"","neve_meta_disable_title":"","_ti_tpc_template_sync":false,"_ti_tpc_template_id":"","footnotes":""},"class_list":["post-579","page","type-page","status-publish","hentry"],"yoast_head":"<!-- This site is optimized with the Yoast SEO plugin v27.5 - https:\/\/yoast.com\/product\/yoast-seo-wordpress\/ -->\n<title>Przeciwpo\u017carowy wy\u0142\u0105cznik bezpiecze\u0144stwa FPS1000 - EST GROUP Sp. z o.o. | Sterowniki Elektroniczne | Fotowoltaika PPO\u017b<\/title>\n<meta name=\"robots\" content=\"index, follow, max-snippet:-1, max-image-preview:large, max-video-preview:-1\" \/>\n<link rel=\"canonical\" href=\"https:\/\/estgroup.pl\/index.php\/zabezpieczenie-pv-fotowoltaiczne-ppoz\/\" \/>\n<meta property=\"og:locale\" content=\"pl_PL\" \/>\n<meta property=\"og:type\" content=\"article\" \/>\n<meta property=\"og:title\" content=\"Przeciwpo\u017carowy wy\u0142\u0105cznik bezpiecze\u0144stwa FPS1000 - EST GROUP Sp. z o.o. | Sterowniki Elektroniczne | Fotowoltaika PPO\u017b\" \/>\n<meta property=\"og:url\" content=\"https:\/\/estgroup.pl\/index.php\/zabezpieczenie-pv-fotowoltaiczne-ppoz\/\" \/>\n<meta property=\"og:site_name\" content=\"EST GROUP Sp. z o.o. | Sterowniki Elektroniczne | Fotowoltaika PPO\u017b\" \/>\n<meta property=\"article:modified_time\" content=\"2023-02-20T15:48:37+00:00\" \/>\n<meta property=\"og:image\" content=\"http:\/\/estgroup.pl\/wp-content\/uploads\/2021\/07\/kpl_1str-1024x814.png\" \/>\n<meta name=\"twitter:card\" content=\"summary_large_image\" \/>\n<meta name=\"twitter:label1\" content=\"Szacowany czas czytania\" \/>\n\t<meta name=\"twitter:data1\" content=\"4 minuty\" \/>\n<script type=\"application\/ld+json\" class=\"yoast-schema-graph\">{\"@context\":\"https:\\\/\\\/schema.org\",\"@graph\":[{\"@type\":\"WebPage\",\"@id\":\"https:\\\/\\\/estgroup.pl\\\/index.php\\\/zabezpieczenie-pv-fotowoltaiczne-ppoz\\\/\",\"url\":\"https:\\\/\\\/estgroup.pl\\\/index.php\\\/zabezpieczenie-pv-fotowoltaiczne-ppoz\\\/\",\"name\":\"Przeciwpo\u017carowy wy\u0142\u0105cznik bezpiecze\u0144stwa FPS1000 - EST GROUP Sp. z o.o. | Sterowniki Elektroniczne | Fotowoltaika PPO\u017b\",\"isPartOf\":{\"@id\":\"https:\\\/\\\/estgroup.pl\\\/#website\"},\"primaryImageOfPage\":{\"@id\":\"https:\\\/\\\/estgroup.pl\\\/index.php\\\/zabezpieczenie-pv-fotowoltaiczne-ppoz\\\/#primaryimage\"},\"image\":{\"@id\":\"https:\\\/\\\/estgroup.pl\\\/index.php\\\/zabezpieczenie-pv-fotowoltaiczne-ppoz\\\/#primaryimage\"},\"thumbnailUrl\":\"http:\\\/\\\/estgroup.pl\\\/wp-content\\\/uploads\\\/2021\\\/07\\\/kpl_1str-1024x814.png\",\"datePublished\":\"2021-02-18T09:53:13+00:00\",\"dateModified\":\"2023-02-20T15:48:37+00:00\",\"breadcrumb\":{\"@id\":\"https:\\\/\\\/estgroup.pl\\\/index.php\\\/zabezpieczenie-pv-fotowoltaiczne-ppoz\\\/#breadcrumb\"},\"inLanguage\":\"pl-PL\",\"potentialAction\":[{\"@type\":\"ReadAction\",\"target\":[\"https:\\\/\\\/estgroup.pl\\\/index.php\\\/zabezpieczenie-pv-fotowoltaiczne-ppoz\\\/\"]}]},{\"@type\":\"ImageObject\",\"inLanguage\":\"pl-PL\",\"@id\":\"https:\\\/\\\/estgroup.pl\\\/index.php\\\/zabezpieczenie-pv-fotowoltaiczne-ppoz\\\/#primaryimage\",\"url\":\"http:\\\/\\\/estgroup.pl\\\/wp-content\\\/uploads\\\/2021\\\/07\\\/kpl_1str-1024x814.png\",\"contentUrl\":\"http:\\\/\\\/estgroup.pl\\\/wp-content\\\/uploads\\\/2021\\\/07\\\/kpl_1str-1024x814.png\"},{\"@type\":\"BreadcrumbList\",\"@id\":\"https:\\\/\\\/estgroup.pl\\\/index.php\\\/zabezpieczenie-pv-fotowoltaiczne-ppoz\\\/#breadcrumb\",\"itemListElement\":[{\"@type\":\"ListItem\",\"position\":1,\"name\":\"Strona g\u0142\u00f3wna\",\"item\":\"https:\\\/\\\/estgroup.pl\\\/\"},{\"@type\":\"ListItem\",\"position\":2,\"name\":\"fotwoltaika ppo\u017c\"}]},{\"@type\":\"WebSite\",\"@id\":\"https:\\\/\\\/estgroup.pl\\\/#website\",\"url\":\"https:\\\/\\\/estgroup.pl\\\/\",\"name\":\"EST GROUP Sp. z o.o. | Sterowniki Elektroniczne | Fotowoltaika\",\"description\":\"EST GROUP Sp. z o.o. | Sterowniki Elektroniczne | Fotowoltaika PPO\u017b\",\"publisher\":{\"@id\":\"https:\\\/\\\/estgroup.pl\\\/#organization\"},\"potentialAction\":[{\"@type\":\"SearchAction\",\"target\":{\"@type\":\"EntryPoint\",\"urlTemplate\":\"https:\\\/\\\/estgroup.pl\\\/?s={search_term_string}\"},\"query-input\":{\"@type\":\"PropertyValueSpecification\",\"valueRequired\":true,\"valueName\":\"search_term_string\"}}],\"inLanguage\":\"pl-PL\"},{\"@type\":\"Organization\",\"@id\":\"https:\\\/\\\/estgroup.pl\\\/#organization\",\"name\":\"EST GROUP Sp. z o.o.\",\"url\":\"https:\\\/\\\/estgroup.pl\\\/\",\"logo\":{\"@type\":\"ImageObject\",\"inLanguage\":\"pl-PL\",\"@id\":\"https:\\\/\\\/estgroup.pl\\\/#\\\/schema\\\/logo\\\/image\\\/\",\"url\":\"https:\\\/\\\/estgroup.pl\\\/wp-content\\\/uploads\\\/2021\\\/02\\\/est.png\",\"contentUrl\":\"https:\\\/\\\/estgroup.pl\\\/wp-content\\\/uploads\\\/2021\\\/02\\\/est.png\",\"width\":297,\"height\":297,\"caption\":\"EST GROUP Sp. z o.o.\"},\"image\":{\"@id\":\"https:\\\/\\\/estgroup.pl\\\/#\\\/schema\\\/logo\\\/image\\\/\"},\"sameAs\":[\"https:\\\/\\\/www.linkedin.com\\\/company\\\/est-engineering-group\"]}]}<\/script>\n<!-- \/ Yoast SEO plugin. -->","yoast_head_json":{"title":"Przeciwpo\u017carowy wy\u0142\u0105cznik bezpiecze\u0144stwa FPS1000 - EST GROUP Sp. z o.o. | Sterowniki Elektroniczne | Fotowoltaika PPO\u017b","robots":{"index":"index","follow":"follow","max-snippet":"max-snippet:-1","max-image-preview":"max-image-preview:large","max-video-preview":"max-video-preview:-1"},"canonical":"https:\/\/estgroup.pl\/index.php\/zabezpieczenie-pv-fotowoltaiczne-ppoz\/","og_locale":"pl_PL","og_type":"article","og_title":"Przeciwpo\u017carowy wy\u0142\u0105cznik bezpiecze\u0144stwa FPS1000 - EST GROUP Sp. z o.o. | Sterowniki Elektroniczne | Fotowoltaika PPO\u017b","og_url":"https:\/\/estgroup.pl\/index.php\/zabezpieczenie-pv-fotowoltaiczne-ppoz\/","og_site_name":"EST GROUP Sp. z o.o. | Sterowniki Elektroniczne | Fotowoltaika PPO\u017b","article_modified_time":"2023-02-20T15:48:37+00:00","og_image":[{"url":"http:\/\/estgroup.pl\/wp-content\/uploads\/2021\/07\/kpl_1str-1024x814.png","type":"","width":"","height":""}],"twitter_card":"summary_large_image","twitter_misc":{"Szacowany czas czytania":"4 minuty"},"schema":{"@context":"https:\/\/schema.org","@graph":[{"@type":"WebPage","@id":"https:\/\/estgroup.pl\/index.php\/zabezpieczenie-pv-fotowoltaiczne-ppoz\/","url":"https:\/\/estgroup.pl\/index.php\/zabezpieczenie-pv-fotowoltaiczne-ppoz\/","name":"Przeciwpo\u017carowy wy\u0142\u0105cznik bezpiecze\u0144stwa FPS1000 - EST GROUP Sp. z o.o. | Sterowniki Elektroniczne | Fotowoltaika PPO\u017b","isPartOf":{"@id":"https:\/\/estgroup.pl\/#website"},"primaryImageOfPage":{"@id":"https:\/\/estgroup.pl\/index.php\/zabezpieczenie-pv-fotowoltaiczne-ppoz\/#primaryimage"},"image":{"@id":"https:\/\/estgroup.pl\/index.php\/zabezpieczenie-pv-fotowoltaiczne-ppoz\/#primaryimage"},"thumbnailUrl":"http:\/\/estgroup.pl\/wp-content\/uploads\/2021\/07\/kpl_1str-1024x814.png","datePublished":"2021-02-18T09:53:13+00:00","dateModified":"2023-02-20T15:48:37+00:00","breadcrumb":{"@id":"https:\/\/estgroup.pl\/index.php\/zabezpieczenie-pv-fotowoltaiczne-ppoz\/#breadcrumb"},"inLanguage":"pl-PL","potentialAction":[{"@type":"ReadAction","target":["https:\/\/estgroup.pl\/index.php\/zabezpieczenie-pv-fotowoltaiczne-ppoz\/"]}]},{"@type":"ImageObject","inLanguage":"pl-PL","@id":"https:\/\/estgroup.pl\/index.php\/zabezpieczenie-pv-fotowoltaiczne-ppoz\/#primaryimage","url":"http:\/\/estgroup.pl\/wp-content\/uploads\/2021\/07\/kpl_1str-1024x814.png","contentUrl":"http:\/\/estgroup.pl\/wp-content\/uploads\/2021\/07\/kpl_1str-1024x814.png"},{"@type":"BreadcrumbList","@id":"https:\/\/estgroup.pl\/index.php\/zabezpieczenie-pv-fotowoltaiczne-ppoz\/#breadcrumb","itemListElement":[{"@type":"ListItem","position":1,"name":"Strona g\u0142\u00f3wna","item":"https:\/\/estgroup.pl\/"},{"@type":"ListItem","position":2,"name":"fotwoltaika ppo\u017c"}]},{"@type":"WebSite","@id":"https:\/\/estgroup.pl\/#website","url":"https:\/\/estgroup.pl\/","name":"EST GROUP Sp. z o.o. | Sterowniki Elektroniczne | Fotowoltaika","description":"EST GROUP Sp. z o.o. | Sterowniki Elektroniczne | Fotowoltaika PPO\u017b","publisher":{"@id":"https:\/\/estgroup.pl\/#organization"},"potentialAction":[{"@type":"SearchAction","target":{"@type":"EntryPoint","urlTemplate":"https:\/\/estgroup.pl\/?s={search_term_string}"},"query-input":{"@type":"PropertyValueSpecification","valueRequired":true,"valueName":"search_term_string"}}],"inLanguage":"pl-PL"},{"@type":"Organization","@id":"https:\/\/estgroup.pl\/#organization","name":"EST GROUP Sp. z o.o.","url":"https:\/\/estgroup.pl\/","logo":{"@type":"ImageObject","inLanguage":"pl-PL","@id":"https:\/\/estgroup.pl\/#\/schema\/logo\/image\/","url":"https:\/\/estgroup.pl\/wp-content\/uploads\/2021\/02\/est.png","contentUrl":"https:\/\/estgroup.pl\/wp-content\/uploads\/2021\/02\/est.png","width":297,"height":297,"caption":"EST GROUP Sp. z o.o."},"image":{"@id":"https:\/\/estgroup.pl\/#\/schema\/logo\/image\/"},"sameAs":["https:\/\/www.linkedin.com\/company\/est-engineering-group"]}]}},"uagb_featured_image_src":{"full":false,"thumbnail":false,"medium":false,"medium_large":false,"large":false,"1536x1536":false,"2048x2048":false,"neve-blog":false},"uagb_author_info":{"display_name":"admin","author_link":"https:\/\/estgroup.pl\/index.php\/author\/admin\/"},"uagb_comment_info":0,"uagb_excerpt":null,"_links":{"self":[{"href":"https:\/\/estgroup.pl\/index.php\/wp-json\/wp\/v2\/pages\/579","targetHints":{"allow":["GET"]}}],"collection":[{"href":"https:\/\/estgroup.pl\/index.php\/wp-json\/wp\/v2\/pages"}],"about":[{"href":"https:\/\/estgroup.pl\/index.php\/wp-json\/wp\/v2\/types\/page"}],"author":[{"embeddable":true,"href":"https:\/\/estgroup.pl\/index.php\/wp-json\/wp\/v2\/users\/1"}],"replies":[{"embeddable":true,"href":"https:\/\/estgroup.pl\/index.php\/wp-json\/wp\/v2\/comments?post=579"}],"version-history":[{"count":72,"href":"https:\/\/estgroup.pl\/index.php\/wp-json\/wp\/v2\/pages\/579\/revisions"}],"predecessor-version":[{"id":1032,"href":"https:\/\/estgroup.pl\/index.php\/wp-json\/wp\/v2\/pages\/579\/revisions\/1032"}],"wp:attachment":[{"href":"https:\/\/estgroup.pl\/index.php\/wp-json\/wp\/v2\/media?parent=579"}],"curies":[{"name":"wp","href":"https:\/\/api.w.org\/{rel}","templated":true}]}}